{"id":183,"date":"2019-12-04T18:12:52","date_gmt":"2019-12-04T17:12:52","guid":{"rendered":"http:\/\/przystansklep.hekko24.pl\/jump\/?page_id=183"},"modified":"2025-10-05T18:17:52","modified_gmt":"2025-10-05T16:17:52","slug":"atrakcje","status":"publish","type":"page","link":"https:\/\/www.jumpheaven.pl\/jeleniagora\/atrakcje\/","title":{"rendered":"ATRAKCJE"},"content":{"rendered":"\t\t<div data-elementor-type=\"wp-page\" data-elementor-id=\"183\" class=\"elementor elementor-183\" data-elementor-post-type=\"page\">\n\t\t\t\t\t\t<section class=\"elementor-section elementor-top-section elementor-element elementor-element-45c11cd elementor-section-boxed elementor-section-height-default elementor-section-height-default\" data-id=\"45c11cd\" data-element_type=\"section\">\n\t\t\t\t\t\t<div class=\"elementor-container elementor-column-gap-default\">\n\t\t\t\t\t<div class=\"elementor-column elementor-col-100 elementor-top-column elementor-element elementor-element-6e2bb00\" data-id=\"6e2bb00\" data-element_type=\"column\">\n\t\t\t<div class=\"elementor-widget-wrap elementor-element-populated\">\n\t\t\t\t\t\t<div class=\"elementor-element elementor-element-dd6125e elementor-widget elementor-widget-heading\" data-id=\"dd6125e\" data-element_type=\"widget\" data-widget_type=\"heading.default\">\n\t\t\t\t<div class=\"elementor-widget-container\">\n\t\t\t\t\t<h3 class=\"elementor-heading-title elementor-size-default\">ATRAKCJE<\/h3>\t\t\t\t<\/div>\n\t\t\t\t<\/div>\n\t\t\t\t\t<\/div>\n\t\t<\/div>\n\t\t\t\t\t<\/div>\n\t\t<\/section>\n\t\t\t\t<section class=\"elementor-section elementor-top-section elementor-element elementor-element-9adf42d elementor-section-full_width elementor-section-height-default elementor-section-height-default\" data-id=\"9adf42d\" data-element_type=\"section\">\n\t\t\t\t\t\t<div class=\"elementor-container elementor-column-gap-extended\">\n\t\t\t\t\t<div class=\"elementor-column elementor-col-50 elementor-top-column elementor-element elementor-element-536a768\" data-id=\"536a768\" data-element_type=\"column\">\n\t\t\t<div class=\"elementor-widget-wrap elementor-element-populated\">\n\t\t\t\t\t\t<div class=\"elementor-element elementor-element-acb01dd elementor-widget elementor-widget-heading\" data-id=\"acb01dd\" data-element_type=\"widget\" data-widget_type=\"heading.default\">\n\t\t\t\t<div class=\"elementor-widget-container\">\n\t\t\t\t\t<h4 class=\"elementor-heading-title elementor-size-default\">PARK TRAMPOLIN<\/h4>\t\t\t\t<\/div>\n\t\t\t\t<\/div>\n\t\t\t\t<div class=\"elementor-element elementor-element-ababed2 elementor-widget elementor-widget-text-editor\" data-id=\"ababed2\" data-element_type=\"widget\" data-widget_type=\"text-editor.default\">\n\t\t\t\t<div class=\"elementor-widget-container\">\n\t\t\t\t\t\t\t\t\t<ul><li>1500m<sup>2<\/sup> powierzchni<\/li><li>\u2060tory przeszk\u00f3d<\/li><li>\u2060\u015bcianki multimedialne<\/li><li>\u2060powi\u0119kszone trampoliny sportowe<\/li><li>\u2060ponad 6m zje\u017cd\u017calnia zako\u0144czona poduszk\u0105 powietrzn\u0105<\/li><li>\u2060wysoki, czteropi\u0119trowy plac zabaw<\/li><li>\u2060basen z kolorowymi g\u0105bkami<\/li><li>\u2060trampolinowa strefa parkour<\/li><\/ul>\t\t\t\t\t\t\t\t<\/div>\n\t\t\t\t<\/div>\n\t\t\t\t<div class=\"elementor-element elementor-element-3835917 elementor-widget elementor-widget-text-editor\" data-id=\"3835917\" data-element_type=\"widget\" data-widget_type=\"text-editor.default\">\n\t\t\t\t<div class=\"elementor-widget-container\">\n\t\t\t\t\t\t\t\t\t<strong>Wej\u015bcie do Parku Trampolin od <span style=\"color: #6599ff;\">3<\/span><span style=\"color: #6599ff;\">\u00a0roku \u017cycia.<\/span><\/strong>\t\t\t\t\t\t\t\t<\/div>\n\t\t\t\t<\/div>\n\t\t\t\t\t<\/div>\n\t\t<\/div>\n\t\t\t\t<div class=\"elementor-column elementor-col-50 elementor-top-column elementor-element elementor-element-a112aae\" data-id=\"a112aae\" data-element_type=\"column\" data-settings=\"{&quot;background_background&quot;:&quot;slideshow&quot;,&quot;background_slideshow_gallery&quot;:[],&quot;background_slideshow_loop&quot;:&quot;yes&quot;,&quot;background_slideshow_slide_duration&quot;:5000,&quot;background_slideshow_slide_transition&quot;:&quot;fade&quot;,&quot;background_slideshow_transition_duration&quot;:500}\">\n\t\t\t<div class=\"elementor-widget-wrap elementor-element-populated\">\n\t\t\t\t\t\t<div class=\"elementor-element elementor-element-e1a1a19 elementor--h-position-center elementor--v-position-middle elementor-arrows-position-inside elementor-pagination-position-inside elementor-widget elementor-widget-slides\" data-id=\"e1a1a19\" data-element_type=\"widget\" data-settings=\"{&quot;autoplay_speed&quot;:3000,&quot;transition&quot;:&quot;fade&quot;,&quot;transition_speed&quot;:900,&quot;navigation&quot;:&quot;both&quot;,&quot;autoplay&quot;:&quot;yes&quot;,&quot;pause_on_hover&quot;:&quot;yes&quot;,&quot;pause_on_interaction&quot;:&quot;yes&quot;,&quot;infinite&quot;:&quot;yes&quot;}\" data-widget_type=\"slides.default\">\n\t\t\t\t<div class=\"elementor-widget-container\">\n\t\t\t\t\t\t\t\t\t<div class=\"elementor-swiper\">\n\t\t\t\t\t<div class=\"elementor-slides-wrapper elementor-main-swiper swiper\" role=\"region\" aria-roledescription=\"carousel\" aria-label=\"Slajdy\" dir=\"ltr\" data-animation=\"fadeInUp\">\n\t\t\t\t<div class=\"swiper-wrapper elementor-slides\">\n\t\t\t\t\t\t\t\t\t\t<div class=\"elementor-repeater-item-511a1f7 swiper-slide\" role=\"group\" aria-roledescription=\"slide\"><div class=\"swiper-slide-bg\" role=\"img\"><\/div><div class=\"swiper-slide-inner\" ><div class=\"swiper-slide-contents\"><\/div><\/div><\/div><div class=\"elementor-repeater-item-d7a4f97 swiper-slide\" role=\"group\" aria-roledescription=\"slide\"><div class=\"swiper-slide-bg\" role=\"img\"><\/div><div class=\"swiper-slide-inner\" ><div class=\"swiper-slide-contents\"><\/div><\/div><\/div><div class=\"elementor-repeater-item-1bae4b1 swiper-slide\" role=\"group\" aria-roledescription=\"slide\"><div class=\"swiper-slide-bg\" role=\"img\"><\/div><div class=\"swiper-slide-inner\" ><div class=\"swiper-slide-contents\"><\/div><\/div><\/div>\t\t\t\t<\/div>\n\t\t\t\t\t\t\t\t\t\t\t\t\t\t\t<div class=\"elementor-swiper-button elementor-swiper-button-prev\" role=\"button\" tabindex=\"0\" aria-label=\"Previous slide\">\n\t\t\t\t\t\t\t<i aria-hidden=\"true\" class=\"eicon-chevron-left\"><\/i>\t\t\t\t\t\t<\/div>\n\t\t\t\t\t\t<div class=\"elementor-swiper-button elementor-swiper-button-next\" role=\"button\" tabindex=\"0\" aria-label=\"Next slide\">\n\t\t\t\t\t\t\t<i aria-hidden=\"true\" class=\"eicon-chevron-right\"><\/i>\t\t\t\t\t\t<\/div>\n\t\t\t\t\t\t\t\t\t\t\t\t\t\t\t\t<div class=\"swiper-pagination\"><\/div>\n\t\t\t\t\t\t\t\t\t\t\t\t<\/div>\n\t\t\t\t<\/div>\n\t\t\t\t\t\t\t\t<\/div>\n\t\t\t\t<\/div>\n\t\t\t\t\t<\/div>\n\t\t<\/div>\n\t\t\t\t\t<\/div>\n\t\t<\/section>\n\t\t\t\t<section class=\"elementor-section elementor-top-section elementor-element elementor-element-9fb8604 elementor-section-full_width elementor-section-height-default elementor-section-height-default\" data-id=\"9fb8604\" data-element_type=\"section\">\n\t\t\t\t\t\t<div class=\"elementor-container elementor-column-gap-no\">\n\t\t\t\t\t<div class=\"elementor-column elementor-col-100 elementor-top-column elementor-element elementor-element-320f917\" data-id=\"320f917\" data-element_type=\"column\">\n\t\t\t<div class=\"elementor-widget-wrap elementor-element-populated\">\n\t\t\t\t\t\t<div class=\"elementor-element elementor-element-4bd3f3c elementor-arrows-position-inside elementor-pagination-position-outside elementor-widget elementor-widget-image-carousel\" data-id=\"4bd3f3c\" data-element_type=\"widget\" data-settings=\"{&quot;navigation&quot;:&quot;both&quot;,&quot;autoplay&quot;:&quot;yes&quot;,&quot;pause_on_hover&quot;:&quot;yes&quot;,&quot;pause_on_interaction&quot;:&quot;yes&quot;,&quot;autoplay_speed&quot;:5000,&quot;infinite&quot;:&quot;yes&quot;,&quot;speed&quot;:500}\" data-widget_type=\"image-carousel.default\">\n\t\t\t\t<div class=\"elementor-widget-container\">\n\t\t\t\t\t\t\t<div class=\"elementor-image-carousel-wrapper swiper\" role=\"region\" aria-roledescription=\"carousel\" aria-label=\"Karuzela obrazk\u00f3w\" dir=\"ltr\">\n\t\t\t<div class=\"elementor-image-carousel swiper-wrapper\" aria-live=\"off\">\n\t\t\t\t\t\t\t\t<div class=\"swiper-slide\" role=\"group\" aria-roledescription=\"slide\" aria-label=\"1 z 7\"><figure class=\"swiper-slide-inner\"><img decoding=\"async\" class=\"swiper-slide-image\" src=\"https:\/\/www.jumpheaven.pl\/jeleniagora\/wp-content\/uploads\/2025\/01\/IMG_6888.webp\" alt=\"IMG_6888\" \/><\/figure><\/div><div class=\"swiper-slide\" role=\"group\" aria-roledescription=\"slide\" aria-label=\"2 z 7\"><figure class=\"swiper-slide-inner\"><img decoding=\"async\" class=\"swiper-slide-image\" src=\"https:\/\/www.jumpheaven.pl\/jeleniagora\/wp-content\/uploads\/2025\/01\/IMG_6852.webp\" alt=\"IMG_6852\" \/><\/figure><\/div><div class=\"swiper-slide\" role=\"group\" aria-roledescription=\"slide\" aria-label=\"3 z 7\"><figure class=\"swiper-slide-inner\"><img decoding=\"async\" class=\"swiper-slide-image\" src=\"https:\/\/www.jumpheaven.pl\/jeleniagora\/wp-content\/uploads\/2025\/01\/IMG_6919.webp\" alt=\"IMG_6919\" \/><\/figure><\/div><div class=\"swiper-slide\" role=\"group\" aria-roledescription=\"slide\" aria-label=\"4 z 7\"><figure class=\"swiper-slide-inner\"><img decoding=\"async\" class=\"swiper-slide-image\" src=\"https:\/\/www.jumpheaven.pl\/jeleniagora\/wp-content\/uploads\/2025\/01\/IMG_6887.webp\" alt=\"IMG_6887\" \/><\/figure><\/div><div class=\"swiper-slide\" role=\"group\" aria-roledescription=\"slide\" aria-label=\"5 z 7\"><figure class=\"swiper-slide-inner\"><img decoding=\"async\" class=\"swiper-slide-image\" src=\"https:\/\/www.jumpheaven.pl\/jeleniagora\/wp-content\/uploads\/2025\/01\/IMG_6886.webp\" alt=\"IMG_6886\" \/><\/figure><\/div><div class=\"swiper-slide\" role=\"group\" aria-roledescription=\"slide\" aria-label=\"6 z 7\"><figure class=\"swiper-slide-inner\"><img decoding=\"async\" class=\"swiper-slide-image\" src=\"https:\/\/www.jumpheaven.pl\/jeleniagora\/wp-content\/uploads\/2025\/01\/IMG_6860.webp\" alt=\"IMG_6860\" \/><\/figure><\/div><div class=\"swiper-slide\" role=\"group\" aria-roledescription=\"slide\" aria-label=\"7 z 7\"><figure class=\"swiper-slide-inner\"><img decoding=\"async\" class=\"swiper-slide-image\" src=\"https:\/\/www.jumpheaven.pl\/jeleniagora\/wp-content\/uploads\/2025\/01\/IMG_6855.webp\" alt=\"IMG_6855\" \/><\/figure><\/div>\t\t\t<\/div>\n\t\t\t\t\t\t\t\t\t\t\t\t<div class=\"elementor-swiper-button elementor-swiper-button-prev\" role=\"button\" tabindex=\"0\">\n\t\t\t\t\t\t<i aria-hidden=\"true\" class=\"eicon-chevron-left\"><\/i>\t\t\t\t\t<\/div>\n\t\t\t\t\t<div class=\"elementor-swiper-button elementor-swiper-button-next\" role=\"button\" tabindex=\"0\">\n\t\t\t\t\t\t<i aria-hidden=\"true\" class=\"eicon-chevron-right\"><\/i>\t\t\t\t\t<\/div>\n\t\t\t\t\n\t\t\t\t\t\t\t\t\t<div class=\"swiper-pagination\"><\/div>\n\t\t\t\t\t\t\t\t\t<\/div>\n\t\t\t\t\t\t<\/div>\n\t\t\t\t<\/div>\n\t\t\t\t\t<\/div>\n\t\t<\/div>\n\t\t\t\t\t<\/div>\n\t\t<\/section>\n\t\t\t\t<\/div>\n\t\t","protected":false},"excerpt":{"rendered":"<p>ATRAKCJE PARK TRAMPOLIN 1500m2 powierzchni \u2060tory przeszk\u00f3d \u2060\u015bcianki multimedialne \u2060powi\u0119kszone trampoliny sportowe \u2060ponad 6m zje\u017cd\u017calnia zako\u0144czona poduszk\u0105 powietrzn\u0105 \u2060wysoki, czteropi\u0119trowy plac zabaw \u2060basen z kolorowymi g\u0105bkami \u2060trampolinowa strefa parkour Wej\u015bcie do Parku Trampolin od 3\u00a0roku \u017cycia.<\/p>\n","protected":false},"author":1,"featured_media":0,"parent":0,"menu_order":0,"comment_status":"closed","ping_status":"closed","template":"elementor_header_footer","meta":{"footnotes":""},"class_list":["post-183","page","type-page","status-publish","hentry"],"yoast_head":"<!-- This site is optimized with the Yoast SEO plugin v25.1 - https:\/\/yoast.com\/wordpress\/plugins\/seo\/ -->\n<title>Atrakcje Parku Trampolin w Legnicy. Trampoliny. \u015acianka wspinaczkowa.<\/title>\n<meta name=\"description\" content=\"Trampoliny, \u015bcie\u017cka gimnastyczna, dmuchane kule, tor przeszk\u00f3d, strefa koszyk\u00f3wki, \u015bcianka wspinaczkowa, trampoliny z przeszkodami, basen z g\u0105bkami.\" \/>\n<meta name=\"robots\" content=\"index, follow, max-snippet:-1, max-image-preview:large, max-video-preview:-1\" \/>\n<link rel=\"canonical\" href=\"https:\/\/www.jumpheaven.pl\/jeleniagora\/atrakcje\/\" \/>\n<meta property=\"og:locale\" content=\"pl_PL\" \/>\n<meta property=\"og:type\" content=\"article\" \/>\n<meta property=\"og:title\" content=\"Atrakcje Parku Trampolin w Legnicy. Trampoliny. \u015acianka wspinaczkowa.\" \/>\n<meta property=\"og:description\" content=\"Trampoliny, \u015bcie\u017cka gimnastyczna, dmuchane kule, tor przeszk\u00f3d, strefa koszyk\u00f3wki, \u015bcianka wspinaczkowa, trampoliny z przeszkodami, basen z g\u0105bkami.\" \/>\n<meta property=\"og:url\" content=\"https:\/\/www.jumpheaven.pl\/jeleniagora\/atrakcje\/\" \/>\n<meta property=\"og:site_name\" content=\"Jump Heaven - Park Trampolin Jelenia G\u00f3ra\" \/>\n<meta property=\"article:publisher\" content=\"https:\/\/www.facebook.com\/Jump-Heaven-Legnica-205087276723396\/\" \/>\n<meta property=\"article:modified_time\" content=\"2025-10-05T16:17:52+00:00\" \/>\n<meta property=\"og:image\" content=\"https:\/\/www.jumpheaven.pl\/jeleniagora\/wp-content\/uploads\/2025\/01\/IMG_6888.webp\" \/>\n<meta name=\"twitter:card\" content=\"summary_large_image\" \/>\n<meta name=\"twitter:label1\" content=\"Szacowany czas czytania\" \/>\n\t<meta name=\"twitter:data1\" content=\"3 minuty\" \/>\n<script type=\"application\/ld+json\" class=\"yoast-schema-graph\">{\"@context\":\"https:\/\/schema.org\",\"@graph\":[{\"@type\":\"WebPage\",\"@id\":\"https:\/\/www.jumpheaven.pl\/jeleniagora\/atrakcje\/\",\"url\":\"https:\/\/www.jumpheaven.pl\/jeleniagora\/atrakcje\/\",\"name\":\"Atrakcje Parku Trampolin w Legnicy. Trampoliny. \u015acianka wspinaczkowa.\",\"isPartOf\":{\"@id\":\"https:\/\/www.jumpheaven.pl\/jeleniagora\/#website\"},\"primaryImageOfPage\":{\"@id\":\"https:\/\/www.jumpheaven.pl\/jeleniagora\/atrakcje\/#primaryimage\"},\"image\":{\"@id\":\"https:\/\/www.jumpheaven.pl\/jeleniagora\/atrakcje\/#primaryimage\"},\"thumbnailUrl\":\"https:\/\/www.jumpheaven.pl\/jeleniagora\/wp-content\/uploads\/2025\/01\/IMG_6888.webp\",\"datePublished\":\"2019-12-04T17:12:52+00:00\",\"dateModified\":\"2025-10-05T16:17:52+00:00\",\"description\":\"Trampoliny, \u015bcie\u017cka gimnastyczna, dmuchane kule, tor przeszk\u00f3d, strefa koszyk\u00f3wki, \u015bcianka wspinaczkowa, trampoliny z przeszkodami, basen z g\u0105bkami.\",\"breadcrumb\":{\"@id\":\"https:\/\/www.jumpheaven.pl\/jeleniagora\/atrakcje\/#breadcrumb\"},\"inLanguage\":\"pl-PL\",\"potentialAction\":[{\"@type\":\"ReadAction\",\"target\":[\"https:\/\/www.jumpheaven.pl\/jeleniagora\/atrakcje\/\"]}]},{\"@type\":\"ImageObject\",\"inLanguage\":\"pl-PL\",\"@id\":\"https:\/\/www.jumpheaven.pl\/jeleniagora\/atrakcje\/#primaryimage\",\"url\":\"https:\/\/www.jumpheaven.pl\/jeleniagora\/wp-content\/uploads\/2025\/01\/IMG_6888.webp\",\"contentUrl\":\"https:\/\/www.jumpheaven.pl\/jeleniagora\/wp-content\/uploads\/2025\/01\/IMG_6888.webp\",\"width\":1500,\"height\":1125},{\"@type\":\"BreadcrumbList\",\"@id\":\"https:\/\/www.jumpheaven.pl\/jeleniagora\/atrakcje\/#breadcrumb\",\"itemListElement\":[{\"@type\":\"ListItem\",\"position\":1,\"name\":\"Strona g\u0142\u00f3wna\",\"item\":\"https:\/\/www.jumpheaven.pl\/jeleniagora\/\"},{\"@type\":\"ListItem\",\"position\":2,\"name\":\"ATRAKCJE\"}]},{\"@type\":\"WebSite\",\"@id\":\"https:\/\/www.jumpheaven.pl\/jeleniagora\/#website\",\"url\":\"https:\/\/www.jumpheaven.pl\/jeleniagora\/\",\"name\":\"Jump Heaven - Park Trampolin Legnica\",\"description\":\"Zapraszamy do sieci Park\u00f3w Trampolin Jump Heaven w Legnicy, Jeleniej G\u00f3rze, W\u0142oc\u0142awku i Ozimku\",\"publisher\":{\"@id\":\"https:\/\/www.jumpheaven.pl\/jeleniagora\/#organization\"},\"potentialAction\":[{\"@type\":\"SearchAction\",\"target\":{\"@type\":\"EntryPoint\",\"urlTemplate\":\"https:\/\/www.jumpheaven.pl\/jeleniagora\/?s={search_term_string}\"},\"query-input\":{\"@type\":\"PropertyValueSpecification\",\"valueRequired\":true,\"valueName\":\"search_term_string\"}}],\"inLanguage\":\"pl-PL\"},{\"@type\":\"Organization\",\"@id\":\"https:\/\/www.jumpheaven.pl\/jeleniagora\/#organization\",\"name\":\"Park Trampolin Jump Heaven\",\"url\":\"https:\/\/www.jumpheaven.pl\/jeleniagora\/\",\"logo\":{\"@type\":\"ImageObject\",\"inLanguage\":\"pl-PL\",\"@id\":\"https:\/\/www.jumpheaven.pl\/jeleniagora\/#\/schema\/logo\/image\/\",\"url\":\"https:\/\/www.jumpheaven.pl\/jeleniagora\/wp-content\/uploads\/2020\/02\/JumpHeaven_Parki_trampolin_Jelenia_Gora-on_dark_background.png\",\"contentUrl\":\"https:\/\/www.jumpheaven.pl\/jeleniagora\/wp-content\/uploads\/2020\/02\/JumpHeaven_Parki_trampolin_Jelenia_Gora-on_dark_background.png\",\"width\":1400,\"height\":823,\"caption\":\"Park Trampolin Jump Heaven\"},\"image\":{\"@id\":\"https:\/\/www.jumpheaven.pl\/jeleniagora\/#\/schema\/logo\/image\/\"},\"sameAs\":[\"https:\/\/www.facebook.com\/Jump-Heaven-Legnica-205087276723396\/\",\"https:\/\/www.youtube.com\/channel\/UC3M6f8VZ7hmJUqQ7PGgrO3Q\"]}]}<\/script>\n<!-- \/ Yoast SEO plugin. -->","yoast_head_json":{"title":"Atrakcje Parku Trampolin w Legnicy. Trampoliny. \u015acianka wspinaczkowa.","description":"Trampoliny, \u015bcie\u017cka gimnastyczna, dmuchane kule, tor przeszk\u00f3d, strefa koszyk\u00f3wki, \u015bcianka wspinaczkowa, trampoliny z przeszkodami, basen z g\u0105bkami.","robots":{"index":"index","follow":"follow","max-snippet":"max-snippet:-1","max-image-preview":"max-image-preview:large","max-video-preview":"max-video-preview:-1"},"canonical":"https:\/\/www.jumpheaven.pl\/jeleniagora\/atrakcje\/","og_locale":"pl_PL","og_type":"article","og_title":"Atrakcje Parku Trampolin w Legnicy. Trampoliny. \u015acianka wspinaczkowa.","og_description":"Trampoliny, \u015bcie\u017cka gimnastyczna, dmuchane kule, tor przeszk\u00f3d, strefa koszyk\u00f3wki, \u015bcianka wspinaczkowa, trampoliny z przeszkodami, basen z g\u0105bkami.","og_url":"https:\/\/www.jumpheaven.pl\/jeleniagora\/atrakcje\/","og_site_name":"Jump Heaven - Park Trampolin Jelenia G\u00f3ra","article_publisher":"https:\/\/www.facebook.com\/Jump-Heaven-Legnica-205087276723396\/","article_modified_time":"2025-10-05T16:17:52+00:00","og_image":[{"url":"https:\/\/www.jumpheaven.pl\/jeleniagora\/wp-content\/uploads\/2025\/01\/IMG_6888.webp","type":"","width":"","height":""}],"twitter_card":"summary_large_image","twitter_misc":{"Szacowany czas czytania":"3 minuty"},"schema":{"@context":"https:\/\/schema.org","@graph":[{"@type":"WebPage","@id":"https:\/\/www.jumpheaven.pl\/jeleniagora\/atrakcje\/","url":"https:\/\/www.jumpheaven.pl\/jeleniagora\/atrakcje\/","name":"Atrakcje Parku Trampolin w Legnicy. Trampoliny. \u015acianka wspinaczkowa.","isPartOf":{"@id":"https:\/\/www.jumpheaven.pl\/jeleniagora\/#website"},"primaryImageOfPage":{"@id":"https:\/\/www.jumpheaven.pl\/jeleniagora\/atrakcje\/#primaryimage"},"image":{"@id":"https:\/\/www.jumpheaven.pl\/jeleniagora\/atrakcje\/#primaryimage"},"thumbnailUrl":"https:\/\/www.jumpheaven.pl\/jeleniagora\/wp-content\/uploads\/2025\/01\/IMG_6888.webp","datePublished":"2019-12-04T17:12:52+00:00","dateModified":"2025-10-05T16:17:52+00:00","description":"Trampoliny, \u015bcie\u017cka gimnastyczna, dmuchane kule, tor przeszk\u00f3d, strefa koszyk\u00f3wki, \u015bcianka wspinaczkowa, trampoliny z przeszkodami, basen z g\u0105bkami.","breadcrumb":{"@id":"https:\/\/www.jumpheaven.pl\/jeleniagora\/atrakcje\/#breadcrumb"},"inLanguage":"pl-PL","potentialAction":[{"@type":"ReadAction","target":["https:\/\/www.jumpheaven.pl\/jeleniagora\/atrakcje\/"]}]},{"@type":"ImageObject","inLanguage":"pl-PL","@id":"https:\/\/www.jumpheaven.pl\/jeleniagora\/atrakcje\/#primaryimage","url":"https:\/\/www.jumpheaven.pl\/jeleniagora\/wp-content\/uploads\/2025\/01\/IMG_6888.webp","contentUrl":"https:\/\/www.jumpheaven.pl\/jeleniagora\/wp-content\/uploads\/2025\/01\/IMG_6888.webp","width":1500,"height":1125},{"@type":"BreadcrumbList","@id":"https:\/\/www.jumpheaven.pl\/jeleniagora\/atrakcje\/#breadcrumb","itemListElement":[{"@type":"ListItem","position":1,"name":"Strona g\u0142\u00f3wna","item":"https:\/\/www.jumpheaven.pl\/jeleniagora\/"},{"@type":"ListItem","position":2,"name":"ATRAKCJE"}]},{"@type":"WebSite","@id":"https:\/\/www.jumpheaven.pl\/jeleniagora\/#website","url":"https:\/\/www.jumpheaven.pl\/jeleniagora\/","name":"Jump Heaven - Park Trampolin Legnica","description":"Zapraszamy do sieci Park\u00f3w Trampolin Jump Heaven w Legnicy, Jeleniej G\u00f3rze, W\u0142oc\u0142awku i Ozimku","publisher":{"@id":"https:\/\/www.jumpheaven.pl\/jeleniagora\/#organization"},"potentialAction":[{"@type":"SearchAction","target":{"@type":"EntryPoint","urlTemplate":"https:\/\/www.jumpheaven.pl\/jeleniagora\/?s={search_term_string}"},"query-input":{"@type":"PropertyValueSpecification","valueRequired":true,"valueName":"search_term_string"}}],"inLanguage":"pl-PL"},{"@type":"Organization","@id":"https:\/\/www.jumpheaven.pl\/jeleniagora\/#organization","name":"Park Trampolin Jump Heaven","url":"https:\/\/www.jumpheaven.pl\/jeleniagora\/","logo":{"@type":"ImageObject","inLanguage":"pl-PL","@id":"https:\/\/www.jumpheaven.pl\/jeleniagora\/#\/schema\/logo\/image\/","url":"https:\/\/www.jumpheaven.pl\/jeleniagora\/wp-content\/uploads\/2020\/02\/JumpHeaven_Parki_trampolin_Jelenia_Gora-on_dark_background.png","contentUrl":"https:\/\/www.jumpheaven.pl\/jeleniagora\/wp-content\/uploads\/2020\/02\/JumpHeaven_Parki_trampolin_Jelenia_Gora-on_dark_background.png","width":1400,"height":823,"caption":"Park Trampolin Jump Heaven"},"image":{"@id":"https:\/\/www.jumpheaven.pl\/jeleniagora\/#\/schema\/logo\/image\/"},"sameAs":["https:\/\/www.facebook.com\/Jump-Heaven-Legnica-205087276723396\/","https:\/\/www.youtube.com\/channel\/UC3M6f8VZ7hmJUqQ7PGgrO3Q"]}]}},"_links":{"self":[{"href":"https:\/\/www.jumpheaven.pl\/jeleniagora\/wp-json\/wp\/v2\/pages\/183","targetHints":{"allow":["GET"]}}],"collection":[{"href":"https:\/\/www.jumpheaven.pl\/jeleniagora\/wp-json\/wp\/v2\/pages"}],"about":[{"href":"https:\/\/www.jumpheaven.pl\/jeleniagora\/wp-json\/wp\/v2\/types\/page"}],"author":[{"embeddable":true,"href":"https:\/\/www.jumpheaven.pl\/jeleniagora\/wp-json\/wp\/v2\/users\/1"}],"replies":[{"embeddable":true,"href":"https:\/\/www.jumpheaven.pl\/jeleniagora\/wp-json\/wp\/v2\/comments?post=183"}],"version-history":[{"count":110,"href":"https:\/\/www.jumpheaven.pl\/jeleniagora\/wp-json\/wp\/v2\/pages\/183\/revisions"}],"predecessor-version":[{"id":2811,"href":"https:\/\/www.jumpheaven.pl\/jeleniagora\/wp-json\/wp\/v2\/pages\/183\/revisions\/2811"}],"wp:attachment":[{"href":"https:\/\/www.jumpheaven.pl\/jeleniagora\/wp-json\/wp\/v2\/media?parent=183"}],"curies":[{"name":"wp","href":"https:\/\/api.w.org\/{rel}","templated":true}]}}