{"id":275,"date":"2019-12-05T10:57:33","date_gmt":"2019-12-05T09:57:33","guid":{"rendered":"http:\/\/przystansklep.hekko24.pl\/jump\/?page_id=275"},"modified":"2025-03-21T00:01:19","modified_gmt":"2025-03-20T23:01:19","slug":"cennik","status":"publish","type":"page","link":"https:\/\/www.jumpheaven.pl\/jeleniagora\/cennik\/","title":{"rendered":"CENNIK"},"content":{"rendered":"\t\t<div data-elementor-type=\"wp-page\" data-elementor-id=\"275\" class=\"elementor elementor-275\" data-elementor-post-type=\"page\">\n\t\t\t\t\t\t<section class=\"elementor-section elementor-top-section elementor-element elementor-element-a6f66da elementor-section-boxed elementor-section-height-default elementor-section-height-default\" data-id=\"a6f66da\" data-element_type=\"section\">\n\t\t\t\t\t\t<div class=\"elementor-container elementor-column-gap-default\">\n\t\t\t\t\t<div class=\"elementor-column elementor-col-100 elementor-top-column elementor-element elementor-element-3f12588\" data-id=\"3f12588\" data-element_type=\"column\">\n\t\t\t<div class=\"elementor-widget-wrap elementor-element-populated\">\n\t\t\t\t\t\t<div class=\"elementor-element elementor-element-3a70ad4 elementor-widget elementor-widget-image\" data-id=\"3a70ad4\" data-element_type=\"widget\" data-widget_type=\"image.default\">\n\t\t\t\t<div class=\"elementor-widget-container\">\n\t\t\t\t\t\t\t\t\t\t\t\t\t\t\t\t<a href=\"https:\/\/www.jumpheaven.pl\/jeleniagora\/wp-content\/uploads\/2025\/01\/cennik_jelenia_7_01.png\" data-elementor-open-lightbox=\"yes\" data-elementor-lightbox-title=\"cennik_jelenia_7_01\" data-e-action-hash=\"#elementor-action%3Aaction%3Dlightbox%26settings%3DeyJpZCI6MjU3MCwidXJsIjoiaHR0cHM6XC9cL3d3dy5qdW1waGVhdmVuLnBsXC9qZWxlbmlhZ29yYVwvd3AtY29udGVudFwvdXBsb2Fkc1wvMjAyNVwvMDFcL2Nlbm5pa19qZWxlbmlhXzdfMDEucG5nIn0%3D\">\n\t\t\t\t\t\t\t<img fetchpriority=\"high\" decoding=\"async\" width=\"1500\" height=\"1170\" src=\"https:\/\/www.jumpheaven.pl\/jeleniagora\/wp-content\/uploads\/2025\/01\/cennik_jelenia_7_01.png\" class=\"attachment-full size-full wp-image-2570\" alt=\"\" srcset=\"https:\/\/www.jumpheaven.pl\/jeleniagora\/wp-content\/uploads\/2025\/01\/cennik_jelenia_7_01.png 1500w, https:\/\/www.jumpheaven.pl\/jeleniagora\/wp-content\/uploads\/2025\/01\/cennik_jelenia_7_01-300x234.png 300w, https:\/\/www.jumpheaven.pl\/jeleniagora\/wp-content\/uploads\/2025\/01\/cennik_jelenia_7_01-1024x799.png 1024w, https:\/\/www.jumpheaven.pl\/jeleniagora\/wp-content\/uploads\/2025\/01\/cennik_jelenia_7_01-768x599.png 768w, https:\/\/www.jumpheaven.pl\/jeleniagora\/wp-content\/uploads\/2025\/01\/cennik_jelenia_7_01-1200x936.png 1200w\" sizes=\"(max-width: 1500px) 100vw, 1500px\" \/>\t\t\t\t\t\t\t\t<\/a>\n\t\t\t\t\t\t\t\t\t\t\t\t\t\t\t<\/div>\n\t\t\t\t<\/div>\n\t\t\t\t\t<\/div>\n\t\t<\/div>\n\t\t\t\t\t<\/div>\n\t\t<\/section>\n\t\t\t\t<\/div>\n\t\t","protected":false},"excerpt":{"rendered":"","protected":false},"author":1,"featured_media":0,"parent":0,"menu_order":0,"comment_status":"closed","ping_status":"closed","template":"elementor_header_footer","meta":{"footnotes":""},"class_list":["post-275","page","type-page","status-publish","hentry"],"yoast_head":"<!-- This site is optimized with the Yoast SEO plugin v25.1 - https:\/\/yoast.com\/wordpress\/plugins\/seo\/ -->\n<title>Ceny wej\u015b\u0107 do Parku Trampolin w Legnicy.<\/title>\n<meta name=\"description\" content=\"Skorzystaj z atrakcyjnych cen na wej\u015bcia do Parku Trampolin. Oferujemy r\u00f3\u017cnorodne i ciekawe formy \u0107wicze\u0144 oraz zaj\u0119cia z instruktorami.\" \/>\n<meta name=\"robots\" content=\"index, follow, max-snippet:-1, max-image-preview:large, max-video-preview:-1\" \/>\n<link rel=\"canonical\" href=\"https:\/\/www.jumpheaven.pl\/jeleniagora\/cennik\/\" \/>\n<meta property=\"og:locale\" content=\"pl_PL\" \/>\n<meta property=\"og:type\" content=\"article\" \/>\n<meta property=\"og:title\" content=\"Ceny wej\u015b\u0107 do Parku Trampolin w Legnicy.\" \/>\n<meta property=\"og:description\" content=\"Skorzystaj z atrakcyjnych cen na wej\u015bcia do Parku Trampolin. Oferujemy r\u00f3\u017cnorodne i ciekawe formy \u0107wicze\u0144 oraz zaj\u0119cia z instruktorami.\" \/>\n<meta property=\"og:url\" content=\"https:\/\/www.jumpheaven.pl\/jeleniagora\/cennik\/\" \/>\n<meta property=\"og:site_name\" content=\"Jump Heaven - Park Trampolin Jelenia G\u00f3ra\" \/>\n<meta property=\"article:publisher\" content=\"https:\/\/www.facebook.com\/Jump-Heaven-Legnica-205087276723396\/\" \/>\n<meta property=\"article:modified_time\" content=\"2025-03-20T23:01:19+00:00\" \/>\n<meta property=\"og:image\" content=\"https:\/\/www.jumpheaven.pl\/jeleniagora\/wp-content\/uploads\/2025\/01\/cennik_jelenia_7_01.png\" \/>\n\t<meta property=\"og:image:width\" content=\"1500\" \/>\n\t<meta property=\"og:image:height\" content=\"1170\" \/>\n\t<meta property=\"og:image:type\" content=\"image\/png\" \/>\n<meta name=\"twitter:card\" content=\"summary_large_image\" \/>\n<meta name=\"twitter:label1\" content=\"Szacowany czas czytania\" \/>\n\t<meta name=\"twitter:data1\" content=\"1 minuta\" \/>\n<script type=\"application\/ld+json\" class=\"yoast-schema-graph\">{\"@context\":\"https:\/\/schema.org\",\"@graph\":[{\"@type\":\"WebPage\",\"@id\":\"https:\/\/www.jumpheaven.pl\/jeleniagora\/cennik\/\",\"url\":\"https:\/\/www.jumpheaven.pl\/jeleniagora\/cennik\/\",\"name\":\"Ceny wej\u015b\u0107 do Parku Trampolin w Legnicy.\",\"isPartOf\":{\"@id\":\"https:\/\/www.jumpheaven.pl\/jeleniagora\/#website\"},\"primaryImageOfPage\":{\"@id\":\"https:\/\/www.jumpheaven.pl\/jeleniagora\/cennik\/#primaryimage\"},\"image\":{\"@id\":\"https:\/\/www.jumpheaven.pl\/jeleniagora\/cennik\/#primaryimage\"},\"thumbnailUrl\":\"https:\/\/www.jumpheaven.pl\/jeleniagora\/wp-content\/uploads\/2025\/01\/cennik_jelenia_7_01.png\",\"datePublished\":\"2019-12-05T09:57:33+00:00\",\"dateModified\":\"2025-03-20T23:01:19+00:00\",\"description\":\"Skorzystaj z atrakcyjnych cen na wej\u015bcia do Parku Trampolin. Oferujemy r\u00f3\u017cnorodne i ciekawe formy \u0107wicze\u0144 oraz zaj\u0119cia z instruktorami.\",\"breadcrumb\":{\"@id\":\"https:\/\/www.jumpheaven.pl\/jeleniagora\/cennik\/#breadcrumb\"},\"inLanguage\":\"pl-PL\",\"potentialAction\":[{\"@type\":\"ReadAction\",\"target\":[\"https:\/\/www.jumpheaven.pl\/jeleniagora\/cennik\/\"]}]},{\"@type\":\"ImageObject\",\"inLanguage\":\"pl-PL\",\"@id\":\"https:\/\/www.jumpheaven.pl\/jeleniagora\/cennik\/#primaryimage\",\"url\":\"https:\/\/www.jumpheaven.pl\/jeleniagora\/wp-content\/uploads\/2025\/01\/cennik_jelenia_7_01.png\",\"contentUrl\":\"https:\/\/www.jumpheaven.pl\/jeleniagora\/wp-content\/uploads\/2025\/01\/cennik_jelenia_7_01.png\"},{\"@type\":\"BreadcrumbList\",\"@id\":\"https:\/\/www.jumpheaven.pl\/jeleniagora\/cennik\/#breadcrumb\",\"itemListElement\":[{\"@type\":\"ListItem\",\"position\":1,\"name\":\"Strona g\u0142\u00f3wna\",\"item\":\"https:\/\/www.jumpheaven.pl\/jeleniagora\/\"},{\"@type\":\"ListItem\",\"position\":2,\"name\":\"CENNIK\"}]},{\"@type\":\"WebSite\",\"@id\":\"https:\/\/www.jumpheaven.pl\/jeleniagora\/#website\",\"url\":\"https:\/\/www.jumpheaven.pl\/jeleniagora\/\",\"name\":\"Jump Heaven - Park Trampolin Legnica\",\"description\":\"Zapraszamy do sieci Park\u00f3w Trampolin Jump Heaven w Legnicy, Jeleniej G\u00f3rze, W\u0142oc\u0142awku i Ozimku\",\"publisher\":{\"@id\":\"https:\/\/www.jumpheaven.pl\/jeleniagora\/#organization\"},\"potentialAction\":[{\"@type\":\"SearchAction\",\"target\":{\"@type\":\"EntryPoint\",\"urlTemplate\":\"https:\/\/www.jumpheaven.pl\/jeleniagora\/?s={search_term_string}\"},\"query-input\":{\"@type\":\"PropertyValueSpecification\",\"valueRequired\":true,\"valueName\":\"search_term_string\"}}],\"inLanguage\":\"pl-PL\"},{\"@type\":\"Organization\",\"@id\":\"https:\/\/www.jumpheaven.pl\/jeleniagora\/#organization\",\"name\":\"Park Trampolin Jump Heaven\",\"url\":\"https:\/\/www.jumpheaven.pl\/jeleniagora\/\",\"logo\":{\"@type\":\"ImageObject\",\"inLanguage\":\"pl-PL\",\"@id\":\"https:\/\/www.jumpheaven.pl\/jeleniagora\/#\/schema\/logo\/image\/\",\"url\":\"https:\/\/www.jumpheaven.pl\/jeleniagora\/wp-content\/uploads\/2020\/02\/JumpHeaven_Parki_trampolin_Jelenia_Gora-on_dark_background.png\",\"contentUrl\":\"https:\/\/www.jumpheaven.pl\/jeleniagora\/wp-content\/uploads\/2020\/02\/JumpHeaven_Parki_trampolin_Jelenia_Gora-on_dark_background.png\",\"width\":1400,\"height\":823,\"caption\":\"Park Trampolin Jump Heaven\"},\"image\":{\"@id\":\"https:\/\/www.jumpheaven.pl\/jeleniagora\/#\/schema\/logo\/image\/\"},\"sameAs\":[\"https:\/\/www.facebook.com\/Jump-Heaven-Legnica-205087276723396\/\",\"https:\/\/www.youtube.com\/channel\/UC3M6f8VZ7hmJUqQ7PGgrO3Q\"]}]}<\/script>\n<!-- \/ Yoast SEO plugin. -->","yoast_head_json":{"title":"Ceny wej\u015b\u0107 do Parku Trampolin w Legnicy.","description":"Skorzystaj z atrakcyjnych cen na wej\u015bcia do Parku Trampolin. Oferujemy r\u00f3\u017cnorodne i ciekawe formy \u0107wicze\u0144 oraz zaj\u0119cia z instruktorami.","robots":{"index":"index","follow":"follow","max-snippet":"max-snippet:-1","max-image-preview":"max-image-preview:large","max-video-preview":"max-video-preview:-1"},"canonical":"https:\/\/www.jumpheaven.pl\/jeleniagora\/cennik\/","og_locale":"pl_PL","og_type":"article","og_title":"Ceny wej\u015b\u0107 do Parku Trampolin w Legnicy.","og_description":"Skorzystaj z atrakcyjnych cen na wej\u015bcia do Parku Trampolin. Oferujemy r\u00f3\u017cnorodne i ciekawe formy \u0107wicze\u0144 oraz zaj\u0119cia z instruktorami.","og_url":"https:\/\/www.jumpheaven.pl\/jeleniagora\/cennik\/","og_site_name":"Jump Heaven - Park Trampolin Jelenia G\u00f3ra","article_publisher":"https:\/\/www.facebook.com\/Jump-Heaven-Legnica-205087276723396\/","article_modified_time":"2025-03-20T23:01:19+00:00","og_image":[{"width":1500,"height":1170,"url":"https:\/\/www.jumpheaven.pl\/jeleniagora\/wp-content\/uploads\/2025\/01\/cennik_jelenia_7_01.png","type":"image\/png"}],"twitter_card":"summary_large_image","twitter_misc":{"Szacowany czas czytania":"1 minuta"},"schema":{"@context":"https:\/\/schema.org","@graph":[{"@type":"WebPage","@id":"https:\/\/www.jumpheaven.pl\/jeleniagora\/cennik\/","url":"https:\/\/www.jumpheaven.pl\/jeleniagora\/cennik\/","name":"Ceny wej\u015b\u0107 do Parku Trampolin w Legnicy.","isPartOf":{"@id":"https:\/\/www.jumpheaven.pl\/jeleniagora\/#website"},"primaryImageOfPage":{"@id":"https:\/\/www.jumpheaven.pl\/jeleniagora\/cennik\/#primaryimage"},"image":{"@id":"https:\/\/www.jumpheaven.pl\/jeleniagora\/cennik\/#primaryimage"},"thumbnailUrl":"https:\/\/www.jumpheaven.pl\/jeleniagora\/wp-content\/uploads\/2025\/01\/cennik_jelenia_7_01.png","datePublished":"2019-12-05T09:57:33+00:00","dateModified":"2025-03-20T23:01:19+00:00","description":"Skorzystaj z atrakcyjnych cen na wej\u015bcia do Parku Trampolin. Oferujemy r\u00f3\u017cnorodne i ciekawe formy \u0107wicze\u0144 oraz zaj\u0119cia z instruktorami.","breadcrumb":{"@id":"https:\/\/www.jumpheaven.pl\/jeleniagora\/cennik\/#breadcrumb"},"inLanguage":"pl-PL","potentialAction":[{"@type":"ReadAction","target":["https:\/\/www.jumpheaven.pl\/jeleniagora\/cennik\/"]}]},{"@type":"ImageObject","inLanguage":"pl-PL","@id":"https:\/\/www.jumpheaven.pl\/jeleniagora\/cennik\/#primaryimage","url":"https:\/\/www.jumpheaven.pl\/jeleniagora\/wp-content\/uploads\/2025\/01\/cennik_jelenia_7_01.png","contentUrl":"https:\/\/www.jumpheaven.pl\/jeleniagora\/wp-content\/uploads\/2025\/01\/cennik_jelenia_7_01.png"},{"@type":"BreadcrumbList","@id":"https:\/\/www.jumpheaven.pl\/jeleniagora\/cennik\/#breadcrumb","itemListElement":[{"@type":"ListItem","position":1,"name":"Strona g\u0142\u00f3wna","item":"https:\/\/www.jumpheaven.pl\/jeleniagora\/"},{"@type":"ListItem","position":2,"name":"CENNIK"}]},{"@type":"WebSite","@id":"https:\/\/www.jumpheaven.pl\/jeleniagora\/#website","url":"https:\/\/www.jumpheaven.pl\/jeleniagora\/","name":"Jump Heaven - Park Trampolin Legnica","description":"Zapraszamy do sieci Park\u00f3w Trampolin Jump Heaven w Legnicy, Jeleniej G\u00f3rze, W\u0142oc\u0142awku i Ozimku","publisher":{"@id":"https:\/\/www.jumpheaven.pl\/jeleniagora\/#organization"},"potentialAction":[{"@type":"SearchAction","target":{"@type":"EntryPoint","urlTemplate":"https:\/\/www.jumpheaven.pl\/jeleniagora\/?s={search_term_string}"},"query-input":{"@type":"PropertyValueSpecification","valueRequired":true,"valueName":"search_term_string"}}],"inLanguage":"pl-PL"},{"@type":"Organization","@id":"https:\/\/www.jumpheaven.pl\/jeleniagora\/#organization","name":"Park Trampolin Jump Heaven","url":"https:\/\/www.jumpheaven.pl\/jeleniagora\/","logo":{"@type":"ImageObject","inLanguage":"pl-PL","@id":"https:\/\/www.jumpheaven.pl\/jeleniagora\/#\/schema\/logo\/image\/","url":"https:\/\/www.jumpheaven.pl\/jeleniagora\/wp-content\/uploads\/2020\/02\/JumpHeaven_Parki_trampolin_Jelenia_Gora-on_dark_background.png","contentUrl":"https:\/\/www.jumpheaven.pl\/jeleniagora\/wp-content\/uploads\/2020\/02\/JumpHeaven_Parki_trampolin_Jelenia_Gora-on_dark_background.png","width":1400,"height":823,"caption":"Park Trampolin Jump Heaven"},"image":{"@id":"https:\/\/www.jumpheaven.pl\/jeleniagora\/#\/schema\/logo\/image\/"},"sameAs":["https:\/\/www.facebook.com\/Jump-Heaven-Legnica-205087276723396\/","https:\/\/www.youtube.com\/channel\/UC3M6f8VZ7hmJUqQ7PGgrO3Q"]}]}},"_links":{"self":[{"href":"https:\/\/www.jumpheaven.pl\/jeleniagora\/wp-json\/wp\/v2\/pages\/275","targetHints":{"allow":["GET"]}}],"collection":[{"href":"https:\/\/www.jumpheaven.pl\/jeleniagora\/wp-json\/wp\/v2\/pages"}],"about":[{"href":"https:\/\/www.jumpheaven.pl\/jeleniagora\/wp-json\/wp\/v2\/types\/page"}],"author":[{"embeddable":true,"href":"https:\/\/www.jumpheaven.pl\/jeleniagora\/wp-json\/wp\/v2\/users\/1"}],"replies":[{"embeddable":true,"href":"https:\/\/www.jumpheaven.pl\/jeleniagora\/wp-json\/wp\/v2\/comments?post=275"}],"version-history":[{"count":262,"href":"https:\/\/www.jumpheaven.pl\/jeleniagora\/wp-json\/wp\/v2\/pages\/275\/revisions"}],"predecessor-version":[{"id":2727,"href":"https:\/\/www.jumpheaven.pl\/jeleniagora\/wp-json\/wp\/v2\/pages\/275\/revisions\/2727"}],"wp:attachment":[{"href":"https:\/\/www.jumpheaven.pl\/jeleniagora\/wp-json\/wp\/v2\/media?parent=275"}],"curies":[{"name":"wp","href":"https:\/\/api.w.org\/{rel}","templated":true}]}}