{"id":2758,"date":"2025-07-22T21:16:58","date_gmt":"2025-07-22T19:16:58","guid":{"rendered":"https:\/\/www.jumpheaven.pl\/jeleniagora\/?page_id=2758"},"modified":"2025-10-05T18:20:47","modified_gmt":"2025-10-05T16:20:47","slug":"grupy-zorganizowane","status":"publish","type":"page","link":"https:\/\/www.jumpheaven.pl\/jeleniagora\/grupy-zorganizowane\/","title":{"rendered":"GRUPY ZORGANIZOWANE"},"content":{"rendered":"\t\t<div data-elementor-type=\"wp-page\" data-elementor-id=\"2758\" class=\"elementor elementor-2758\" data-elementor-post-type=\"page\">\n\t\t\t\t\t\t<section class=\"elementor-section elementor-top-section elementor-element elementor-element-f041baf elementor-section-boxed elementor-section-height-default elementor-section-height-default\" data-id=\"f041baf\" data-element_type=\"section\">\n\t\t\t\t\t\t<div class=\"elementor-container elementor-column-gap-default\">\n\t\t\t\t\t<div class=\"elementor-column elementor-col-100 elementor-top-column elementor-element elementor-element-536ed97\" data-id=\"536ed97\" data-element_type=\"column\">\n\t\t\t<div class=\"elementor-widget-wrap elementor-element-populated\">\n\t\t\t\t\t\t<div class=\"elementor-element elementor-element-0cc697c elementor-widget elementor-widget-heading\" data-id=\"0cc697c\" data-element_type=\"widget\" data-widget_type=\"heading.default\">\n\t\t\t\t<div class=\"elementor-widget-container\">\n\t\t\t\t\t<h2 class=\"elementor-heading-title elementor-size-default\">GRUPY ZORGANIZOWANE<\/h2>\t\t\t\t<\/div>\n\t\t\t\t<\/div>\n\t\t\t\t\t<\/div>\n\t\t<\/div>\n\t\t\t\t\t<\/div>\n\t\t<\/section>\n\t\t\t\t<section class=\"elementor-section elementor-top-section elementor-element elementor-element-4f6c4da elementor-section-boxed elementor-section-height-default elementor-section-height-default\" data-id=\"4f6c4da\" data-element_type=\"section\">\n\t\t\t\t\t\t<div class=\"elementor-container elementor-column-gap-default\">\n\t\t\t\t\t<div class=\"elementor-column elementor-col-100 elementor-top-column elementor-element elementor-element-9b7b870\" data-id=\"9b7b870\" data-element_type=\"column\">\n\t\t\t<div class=\"elementor-widget-wrap elementor-element-populated\">\n\t\t\t\t\t\t<div class=\"elementor-element elementor-element-1a09097 elementor-widget elementor-widget-image\" data-id=\"1a09097\" data-element_type=\"widget\" data-widget_type=\"image.default\">\n\t\t\t\t<div class=\"elementor-widget-container\">\n\t\t\t\t\t\t\t\t\t\t\t\t\t\t\t<img fetchpriority=\"high\" decoding=\"async\" width=\"2048\" height=\"1536\" src=\"https:\/\/www.jumpheaven.pl\/jeleniagora\/wp-content\/uploads\/2025\/10\/grupy.jpg\" class=\"attachment-full size-full wp-image-2812\" alt=\"\" srcset=\"https:\/\/www.jumpheaven.pl\/jeleniagora\/wp-content\/uploads\/2025\/10\/grupy.jpg 2048w, https:\/\/www.jumpheaven.pl\/jeleniagora\/wp-content\/uploads\/2025\/10\/grupy-300x225.jpg 300w, https:\/\/www.jumpheaven.pl\/jeleniagora\/wp-content\/uploads\/2025\/10\/grupy-1024x768.jpg 1024w, https:\/\/www.jumpheaven.pl\/jeleniagora\/wp-content\/uploads\/2025\/10\/grupy-768x576.jpg 768w, https:\/\/www.jumpheaven.pl\/jeleniagora\/wp-content\/uploads\/2025\/10\/grupy-1536x1152.jpg 1536w, https:\/\/www.jumpheaven.pl\/jeleniagora\/wp-content\/uploads\/2025\/10\/grupy-1200x900.jpg 1200w, https:\/\/www.jumpheaven.pl\/jeleniagora\/wp-content\/uploads\/2025\/10\/grupy-1980x1485.jpg 1980w\" sizes=\"(max-width: 2048px) 100vw, 2048px\" \/>\t\t\t\t\t\t\t\t\t\t\t\t\t\t\t<\/div>\n\t\t\t\t<\/div>\n\t\t\t\t\t<\/div>\n\t\t<\/div>\n\t\t\t\t\t<\/div>\n\t\t<\/section>\n\t\t\t\t<section class=\"elementor-section elementor-top-section elementor-element elementor-element-15d3ebb elementor-section-boxed elementor-section-height-default elementor-section-height-default\" data-id=\"15d3ebb\" data-element_type=\"section\">\n\t\t\t\t\t\t<div class=\"elementor-container elementor-column-gap-default\">\n\t\t\t\t\t<div class=\"elementor-column elementor-col-50 elementor-top-column elementor-element elementor-element-e8bd3bb\" data-id=\"e8bd3bb\" data-element_type=\"column\">\n\t\t\t<div class=\"elementor-widget-wrap elementor-element-populated\">\n\t\t\t\t\t\t<div class=\"elementor-element elementor-element-3e2ac45 elementor-widget elementor-widget-text-editor\" data-id=\"3e2ac45\" data-element_type=\"widget\" data-widget_type=\"text-editor.default\">\n\t\t\t\t<div class=\"elementor-widget-container\">\n\t\t\t\t\t\t\t\t\t<div><strong>Informacje dodatkowe:<\/strong><\/div><div>\u00a0<\/div><ul><li>Ka\u017cdy uczestnik musi posiada\u0107\u00a0<strong>pisemn\u0105 zgod\u0119 rodzica\/opiekuna<\/strong>\u00a0na\u00a0korzystanie z\u00a0atrakcji Parku Trampolin, kt\u00f3ra\u00a0jest do\u00a0pobrania na\u00a0naszej stronie internetowej.<\/li><li>Osoby korzystaj\u0105ce ze\u00a0strefy rekreacyjno-sportowej zobowi\u0105zane s\u0105\u00a0do\u00a0poruszania si\u0119 w<strong>\u00a0skarpetach antypo\u015blizgowych.<\/strong><\/li><li>Nale\u017cy przyby\u0107\u00a0<strong>minimum 15 minut<\/strong>\u00a0przed\u00a0planowanym wej\u015bciem.<\/li><\/ul>\t\t\t\t\t\t\t\t<\/div>\n\t\t\t\t<\/div>\n\t\t\t\t\t<\/div>\n\t\t<\/div>\n\t\t\t\t<div class=\"elementor-column elementor-col-50 elementor-top-column elementor-element elementor-element-18e9bdf\" data-id=\"18e9bdf\" data-element_type=\"column\">\n\t\t\t<div class=\"elementor-widget-wrap elementor-element-populated\">\n\t\t\t\t\t\t<div class=\"elementor-element elementor-element-396fecb elementor-widget elementor-widget-heading\" data-id=\"396fecb\" data-element_type=\"widget\" data-widget_type=\"heading.default\">\n\t\t\t\t<div class=\"elementor-widget-container\">\n\t\t\t\t\t<h4 class=\"elementor-heading-title elementor-size-default\">Regulaminy do pobrania<\/h4>\t\t\t\t<\/div>\n\t\t\t\t<\/div>\n\t\t\t\t<div class=\"elementor-element elementor-element-8dc5a9e elementor-align-left elementor-mobile-align-left elementor-icon-list--layout-traditional elementor-list-item-link-full_width elementor-widget elementor-widget-icon-list\" data-id=\"8dc5a9e\" data-element_type=\"widget\" data-widget_type=\"icon-list.default\">\n\t\t\t\t<div class=\"elementor-widget-container\">\n\t\t\t\t\t\t\t<ul class=\"elementor-icon-list-items\">\n\t\t\t\t\t\t\t<li class=\"elementor-icon-list-item\">\n\t\t\t\t\t\t\t\t\t\t\t<a href=\"https:\/\/www.jumpheaven.pl\/jeleniagora\/wp-content\/uploads\/2025\/03\/PL_Jelenia_Gora_Regulamin-ogolny_listopad_2023.pdf\" target=\"_blank\">\n\n\t\t\t\t\t\t\t\t\t\t\t<span class=\"elementor-icon-list-text\">Regulamin Parku Trampolin<\/span>\n\t\t\t\t\t\t\t\t\t\t\t<\/a>\n\t\t\t\t\t\t\t\t\t<\/li>\n\t\t\t\t\t\t\t\t<li class=\"elementor-icon-list-item\">\n\t\t\t\t\t\t\t\t\t\t\t<a href=\"https:\/\/www.jumpheaven.pl\/jeleniagora\/wp-content\/uploads\/2025\/03\/PL_Jelenia_Gora_Regulamin-szczegolowy.pdf\" target=\"_blank\">\n\n\t\t\t\t\t\t\t\t\t\t\t<span class=\"elementor-icon-list-text\">Regulamin szczeg\u00f3\u0142owy<\/span>\n\t\t\t\t\t\t\t\t\t\t\t<\/a>\n\t\t\t\t\t\t\t\t\t<\/li>\n\t\t\t\t\t\t\t\t<li class=\"elementor-icon-list-item\">\n\t\t\t\t\t\t\t\t\t\t\t<a href=\"https:\/\/www.jumpheaven.pl\/jeleniagora\/wp-content\/uploads\/2025\/03\/PL_Jelenia_Gora_Zgoda-rodzica-lipiec-2023.pdf\" target=\"_blank\">\n\n\t\t\t\t\t\t\t\t\t\t\t<span class=\"elementor-icon-list-text\">Zgoda rodzica\/opiekuna<\/span>\n\t\t\t\t\t\t\t\t\t\t\t<\/a>\n\t\t\t\t\t\t\t\t\t<\/li>\n\t\t\t\t\t\t\t\t<li class=\"elementor-icon-list-item\">\n\t\t\t\t\t\t\t\t\t\t\t<a href=\"https:\/\/www.jumpheaven.pl\/jeleniagora\/wp-content\/uploads\/2024\/12\/PL_Jelenia_Gora_Zgoda-opiekuna-grupy.pdf\" target=\"_blank\">\n\n\t\t\t\t\t\t\t\t\t\t\t<span class=\"elementor-icon-list-text\">O\u015bwiadczenie opiekuna grupy<\/span>\n\t\t\t\t\t\t\t\t\t\t\t<\/a>\n\t\t\t\t\t\t\t\t\t<\/li>\n\t\t\t\t\t\t<\/ul>\n\t\t\t\t\t\t<\/div>\n\t\t\t\t<\/div>\n\t\t\t\t\t<\/div>\n\t\t<\/div>\n\t\t\t\t\t<\/div>\n\t\t<\/section>\n\t\t\t\t<section class=\"elementor-section elementor-top-section elementor-element elementor-element-00567b4 elementor-section-boxed elementor-section-height-default elementor-section-height-default\" data-id=\"00567b4\" data-element_type=\"section\">\n\t\t\t\t\t\t<div class=\"elementor-container elementor-column-gap-default\">\n\t\t\t\t\t<div class=\"elementor-column elementor-col-100 elementor-top-column elementor-element elementor-element-7686583\" data-id=\"7686583\" data-element_type=\"column\">\n\t\t\t<div class=\"elementor-widget-wrap elementor-element-populated\">\n\t\t\t\t\t\t<div class=\"elementor-element elementor-element-6fbead3 elementor-widget elementor-widget-text-editor\" data-id=\"6fbead3\" data-element_type=\"widget\" data-widget_type=\"text-editor.default\">\n\t\t\t\t<div class=\"elementor-widget-container\">\n\t\t\t\t\t\t\t\t\t<p><strong>Dla grup zorganizowanych powy\u017cej 50 os\u00f3b jest mo\u017cliwo\u015b\u0107 dostosowania czasu otwarcia Parku indywidualnie.<\/strong><\/p><p><strong>Je\u015bli jedziecie do nas autokarem, prosimy o wcze\u015bniejsze zg\u0142oszenie tego pod numerem telefonu 503-504-591<\/strong><\/p>\t\t\t\t\t\t\t\t<\/div>\n\t\t\t\t<\/div>\n\t\t\t\t\t<\/div>\n\t\t<\/div>\n\t\t\t\t\t<\/div>\n\t\t<\/section>\n\t\t\t\t<\/div>\n\t\t","protected":false},"excerpt":{"rendered":"<p>GRUPY ZORGANIZOWANE Informacje dodatkowe:\u00a0 Ka\u017cdy uczestnik musi posiada\u0107\u00a0pisemn\u0105 zgod\u0119 rodzica\/opiekuna\u00a0na\u00a0korzystanie z\u00a0atrakcji Parku Trampolin, kt\u00f3ra\u00a0jest do\u00a0pobrania na\u00a0naszej stronie internetowej. Osoby korzystaj\u0105ce ze\u00a0strefy rekreacyjno-sportowej zobowi\u0105zane s\u0105\u00a0do\u00a0poruszania si\u0119 w\u00a0skarpetach antypo\u015blizgowych. Nale\u017cy przyby\u0107\u00a0minimum 15 minut\u00a0przed\u00a0planowanym wej\u015bciem. Regulaminy do pobrania Regulamin Parku Trampolin Regulamin szczeg\u00f3\u0142owy Zgoda rodzica\/opiekuna O\u015bwiadczenie opiekuna grupy Dla grup zorganizowanych powy\u017cej 50 os\u00f3b jest mo\u017cliwo\u015b\u0107 dostosowania czasu [&hellip;]<\/p>\n","protected":false},"author":1,"featured_media":0,"parent":0,"menu_order":0,"comment_status":"closed","ping_status":"closed","template":"elementor_header_footer","meta":{"footnotes":""},"class_list":["post-2758","page","type-page","status-publish","hentry"],"yoast_head":"<!-- This site is optimized with the Yoast SEO plugin v25.1 - https:\/\/yoast.com\/wordpress\/plugins\/seo\/ -->\n<title>Aktualno\u015bci w Parku Trampolin w Legnicy. Promocj\u0119, kalendarz wydarze\u0144<\/title>\n<meta name=\"description\" content=\"Wydarzenia, imprezy, promocj\u0119 w Parku Trampolin Jum Heaven Legnica. Oferta dla p\u00f3\u0142kolonii. Wszystko pod okiem do\u015bwiadczonych instruktor\u00f3w.\" \/>\n<meta name=\"robots\" content=\"index, follow, max-snippet:-1, max-image-preview:large, max-video-preview:-1\" \/>\n<link rel=\"canonical\" href=\"https:\/\/www.jumpheaven.pl\/jeleniagora\/grupy-zorganizowane\/\" \/>\n<meta property=\"og:locale\" content=\"pl_PL\" \/>\n<meta property=\"og:type\" content=\"article\" \/>\n<meta property=\"og:title\" content=\"Aktualno\u015bci w Parku Trampolin w Legnicy. Promocj\u0119, kalendarz wydarze\u0144\" \/>\n<meta property=\"og:description\" content=\"Wydarzenia, imprezy, promocj\u0119 w Parku Trampolin Jum Heaven Legnica. Oferta dla p\u00f3\u0142kolonii. Wszystko pod okiem do\u015bwiadczonych instruktor\u00f3w.\" \/>\n<meta property=\"og:url\" content=\"https:\/\/www.jumpheaven.pl\/jeleniagora\/grupy-zorganizowane\/\" \/>\n<meta property=\"og:site_name\" content=\"Jump Heaven - Park Trampolin Jelenia G\u00f3ra\" \/>\n<meta property=\"article:publisher\" content=\"https:\/\/www.facebook.com\/Jump-Heaven-Legnica-205087276723396\/\" \/>\n<meta property=\"article:modified_time\" content=\"2025-10-05T16:20:47+00:00\" \/>\n<meta property=\"og:image\" content=\"https:\/\/www.jumpheaven.pl\/jeleniagora\/wp-content\/uploads\/2025\/10\/grupy.jpg\" \/>\n\t<meta property=\"og:image:width\" content=\"2048\" \/>\n\t<meta property=\"og:image:height\" content=\"1536\" \/>\n\t<meta property=\"og:image:type\" content=\"image\/jpeg\" \/>\n<meta name=\"twitter:card\" content=\"summary_large_image\" \/>\n<meta name=\"twitter:label1\" content=\"Szacowany czas czytania\" \/>\n\t<meta name=\"twitter:data1\" content=\"1 minuta\" \/>\n<script type=\"application\/ld+json\" class=\"yoast-schema-graph\">{\"@context\":\"https:\/\/schema.org\",\"@graph\":[{\"@type\":\"WebPage\",\"@id\":\"https:\/\/www.jumpheaven.pl\/jeleniagora\/grupy-zorganizowane\/\",\"url\":\"https:\/\/www.jumpheaven.pl\/jeleniagora\/grupy-zorganizowane\/\",\"name\":\"Aktualno\u015bci w Parku Trampolin w Legnicy. Promocj\u0119, kalendarz wydarze\u0144\",\"isPartOf\":{\"@id\":\"https:\/\/www.jumpheaven.pl\/jeleniagora\/#website\"},\"primaryImageOfPage\":{\"@id\":\"https:\/\/www.jumpheaven.pl\/jeleniagora\/grupy-zorganizowane\/#primaryimage\"},\"image\":{\"@id\":\"https:\/\/www.jumpheaven.pl\/jeleniagora\/grupy-zorganizowane\/#primaryimage\"},\"thumbnailUrl\":\"https:\/\/www.jumpheaven.pl\/jeleniagora\/wp-content\/uploads\/2025\/10\/grupy.jpg\",\"datePublished\":\"2025-07-22T19:16:58+00:00\",\"dateModified\":\"2025-10-05T16:20:47+00:00\",\"description\":\"Wydarzenia, imprezy, promocj\u0119 w Parku Trampolin Jum Heaven Legnica. Oferta dla p\u00f3\u0142kolonii. Wszystko pod okiem do\u015bwiadczonych instruktor\u00f3w.\",\"breadcrumb\":{\"@id\":\"https:\/\/www.jumpheaven.pl\/jeleniagora\/grupy-zorganizowane\/#breadcrumb\"},\"inLanguage\":\"pl-PL\",\"potentialAction\":[{\"@type\":\"ReadAction\",\"target\":[\"https:\/\/www.jumpheaven.pl\/jeleniagora\/grupy-zorganizowane\/\"]}]},{\"@type\":\"ImageObject\",\"inLanguage\":\"pl-PL\",\"@id\":\"https:\/\/www.jumpheaven.pl\/jeleniagora\/grupy-zorganizowane\/#primaryimage\",\"url\":\"https:\/\/www.jumpheaven.pl\/jeleniagora\/wp-content\/uploads\/2025\/10\/grupy.jpg\",\"contentUrl\":\"https:\/\/www.jumpheaven.pl\/jeleniagora\/wp-content\/uploads\/2025\/10\/grupy.jpg\",\"width\":2048,\"height\":1536},{\"@type\":\"BreadcrumbList\",\"@id\":\"https:\/\/www.jumpheaven.pl\/jeleniagora\/grupy-zorganizowane\/#breadcrumb\",\"itemListElement\":[{\"@type\":\"ListItem\",\"position\":1,\"name\":\"Strona g\u0142\u00f3wna\",\"item\":\"https:\/\/www.jumpheaven.pl\/jeleniagora\/\"},{\"@type\":\"ListItem\",\"position\":2,\"name\":\"GRUPY ZORGANIZOWANE\"}]},{\"@type\":\"WebSite\",\"@id\":\"https:\/\/www.jumpheaven.pl\/jeleniagora\/#website\",\"url\":\"https:\/\/www.jumpheaven.pl\/jeleniagora\/\",\"name\":\"Jump Heaven - Park Trampolin Legnica\",\"description\":\"Zapraszamy do sieci Park\u00f3w Trampolin Jump Heaven w Legnicy, Jeleniej G\u00f3rze, W\u0142oc\u0142awku i Ozimku\",\"publisher\":{\"@id\":\"https:\/\/www.jumpheaven.pl\/jeleniagora\/#organization\"},\"potentialAction\":[{\"@type\":\"SearchAction\",\"target\":{\"@type\":\"EntryPoint\",\"urlTemplate\":\"https:\/\/www.jumpheaven.pl\/jeleniagora\/?s={search_term_string}\"},\"query-input\":{\"@type\":\"PropertyValueSpecification\",\"valueRequired\":true,\"valueName\":\"search_term_string\"}}],\"inLanguage\":\"pl-PL\"},{\"@type\":\"Organization\",\"@id\":\"https:\/\/www.jumpheaven.pl\/jeleniagora\/#organization\",\"name\":\"Park Trampolin Jump Heaven\",\"url\":\"https:\/\/www.jumpheaven.pl\/jeleniagora\/\",\"logo\":{\"@type\":\"ImageObject\",\"inLanguage\":\"pl-PL\",\"@id\":\"https:\/\/www.jumpheaven.pl\/jeleniagora\/#\/schema\/logo\/image\/\",\"url\":\"https:\/\/www.jumpheaven.pl\/jeleniagora\/wp-content\/uploads\/2020\/02\/JumpHeaven_Parki_trampolin_Jelenia_Gora-on_dark_background.png\",\"contentUrl\":\"https:\/\/www.jumpheaven.pl\/jeleniagora\/wp-content\/uploads\/2020\/02\/JumpHeaven_Parki_trampolin_Jelenia_Gora-on_dark_background.png\",\"width\":1400,\"height\":823,\"caption\":\"Park Trampolin Jump Heaven\"},\"image\":{\"@id\":\"https:\/\/www.jumpheaven.pl\/jeleniagora\/#\/schema\/logo\/image\/\"},\"sameAs\":[\"https:\/\/www.facebook.com\/Jump-Heaven-Legnica-205087276723396\/\",\"https:\/\/www.youtube.com\/channel\/UC3M6f8VZ7hmJUqQ7PGgrO3Q\"]}]}<\/script>\n<!-- \/ Yoast SEO plugin. -->","yoast_head_json":{"title":"Aktualno\u015bci w Parku Trampolin w Legnicy. Promocj\u0119, kalendarz wydarze\u0144","description":"Wydarzenia, imprezy, promocj\u0119 w Parku Trampolin Jum Heaven Legnica. Oferta dla p\u00f3\u0142kolonii. Wszystko pod okiem do\u015bwiadczonych instruktor\u00f3w.","robots":{"index":"index","follow":"follow","max-snippet":"max-snippet:-1","max-image-preview":"max-image-preview:large","max-video-preview":"max-video-preview:-1"},"canonical":"https:\/\/www.jumpheaven.pl\/jeleniagora\/grupy-zorganizowane\/","og_locale":"pl_PL","og_type":"article","og_title":"Aktualno\u015bci w Parku Trampolin w Legnicy. Promocj\u0119, kalendarz wydarze\u0144","og_description":"Wydarzenia, imprezy, promocj\u0119 w Parku Trampolin Jum Heaven Legnica. Oferta dla p\u00f3\u0142kolonii. Wszystko pod okiem do\u015bwiadczonych instruktor\u00f3w.","og_url":"https:\/\/www.jumpheaven.pl\/jeleniagora\/grupy-zorganizowane\/","og_site_name":"Jump Heaven - Park Trampolin Jelenia G\u00f3ra","article_publisher":"https:\/\/www.facebook.com\/Jump-Heaven-Legnica-205087276723396\/","article_modified_time":"2025-10-05T16:20:47+00:00","og_image":[{"width":2048,"height":1536,"url":"https:\/\/www.jumpheaven.pl\/jeleniagora\/wp-content\/uploads\/2025\/10\/grupy.jpg","type":"image\/jpeg"}],"twitter_card":"summary_large_image","twitter_misc":{"Szacowany czas czytania":"1 minuta"},"schema":{"@context":"https:\/\/schema.org","@graph":[{"@type":"WebPage","@id":"https:\/\/www.jumpheaven.pl\/jeleniagora\/grupy-zorganizowane\/","url":"https:\/\/www.jumpheaven.pl\/jeleniagora\/grupy-zorganizowane\/","name":"Aktualno\u015bci w Parku Trampolin w Legnicy. Promocj\u0119, kalendarz wydarze\u0144","isPartOf":{"@id":"https:\/\/www.jumpheaven.pl\/jeleniagora\/#website"},"primaryImageOfPage":{"@id":"https:\/\/www.jumpheaven.pl\/jeleniagora\/grupy-zorganizowane\/#primaryimage"},"image":{"@id":"https:\/\/www.jumpheaven.pl\/jeleniagora\/grupy-zorganizowane\/#primaryimage"},"thumbnailUrl":"https:\/\/www.jumpheaven.pl\/jeleniagora\/wp-content\/uploads\/2025\/10\/grupy.jpg","datePublished":"2025-07-22T19:16:58+00:00","dateModified":"2025-10-05T16:20:47+00:00","description":"Wydarzenia, imprezy, promocj\u0119 w Parku Trampolin Jum Heaven Legnica. Oferta dla p\u00f3\u0142kolonii. Wszystko pod okiem do\u015bwiadczonych instruktor\u00f3w.","breadcrumb":{"@id":"https:\/\/www.jumpheaven.pl\/jeleniagora\/grupy-zorganizowane\/#breadcrumb"},"inLanguage":"pl-PL","potentialAction":[{"@type":"ReadAction","target":["https:\/\/www.jumpheaven.pl\/jeleniagora\/grupy-zorganizowane\/"]}]},{"@type":"ImageObject","inLanguage":"pl-PL","@id":"https:\/\/www.jumpheaven.pl\/jeleniagora\/grupy-zorganizowane\/#primaryimage","url":"https:\/\/www.jumpheaven.pl\/jeleniagora\/wp-content\/uploads\/2025\/10\/grupy.jpg","contentUrl":"https:\/\/www.jumpheaven.pl\/jeleniagora\/wp-content\/uploads\/2025\/10\/grupy.jpg","width":2048,"height":1536},{"@type":"BreadcrumbList","@id":"https:\/\/www.jumpheaven.pl\/jeleniagora\/grupy-zorganizowane\/#breadcrumb","itemListElement":[{"@type":"ListItem","position":1,"name":"Strona g\u0142\u00f3wna","item":"https:\/\/www.jumpheaven.pl\/jeleniagora\/"},{"@type":"ListItem","position":2,"name":"GRUPY ZORGANIZOWANE"}]},{"@type":"WebSite","@id":"https:\/\/www.jumpheaven.pl\/jeleniagora\/#website","url":"https:\/\/www.jumpheaven.pl\/jeleniagora\/","name":"Jump Heaven - Park Trampolin Legnica","description":"Zapraszamy do sieci Park\u00f3w Trampolin Jump Heaven w Legnicy, Jeleniej G\u00f3rze, W\u0142oc\u0142awku i Ozimku","publisher":{"@id":"https:\/\/www.jumpheaven.pl\/jeleniagora\/#organization"},"potentialAction":[{"@type":"SearchAction","target":{"@type":"EntryPoint","urlTemplate":"https:\/\/www.jumpheaven.pl\/jeleniagora\/?s={search_term_string}"},"query-input":{"@type":"PropertyValueSpecification","valueRequired":true,"valueName":"search_term_string"}}],"inLanguage":"pl-PL"},{"@type":"Organization","@id":"https:\/\/www.jumpheaven.pl\/jeleniagora\/#organization","name":"Park Trampolin Jump Heaven","url":"https:\/\/www.jumpheaven.pl\/jeleniagora\/","logo":{"@type":"ImageObject","inLanguage":"pl-PL","@id":"https:\/\/www.jumpheaven.pl\/jeleniagora\/#\/schema\/logo\/image\/","url":"https:\/\/www.jumpheaven.pl\/jeleniagora\/wp-content\/uploads\/2020\/02\/JumpHeaven_Parki_trampolin_Jelenia_Gora-on_dark_background.png","contentUrl":"https:\/\/www.jumpheaven.pl\/jeleniagora\/wp-content\/uploads\/2020\/02\/JumpHeaven_Parki_trampolin_Jelenia_Gora-on_dark_background.png","width":1400,"height":823,"caption":"Park Trampolin Jump Heaven"},"image":{"@id":"https:\/\/www.jumpheaven.pl\/jeleniagora\/#\/schema\/logo\/image\/"},"sameAs":["https:\/\/www.facebook.com\/Jump-Heaven-Legnica-205087276723396\/","https:\/\/www.youtube.com\/channel\/UC3M6f8VZ7hmJUqQ7PGgrO3Q"]}]}},"_links":{"self":[{"href":"https:\/\/www.jumpheaven.pl\/jeleniagora\/wp-json\/wp\/v2\/pages\/2758","targetHints":{"allow":["GET"]}}],"collection":[{"href":"https:\/\/www.jumpheaven.pl\/jeleniagora\/wp-json\/wp\/v2\/pages"}],"about":[{"href":"https:\/\/www.jumpheaven.pl\/jeleniagora\/wp-json\/wp\/v2\/types\/page"}],"author":[{"embeddable":true,"href":"https:\/\/www.jumpheaven.pl\/jeleniagora\/wp-json\/wp\/v2\/users\/1"}],"replies":[{"embeddable":true,"href":"https:\/\/www.jumpheaven.pl\/jeleniagora\/wp-json\/wp\/v2\/comments?post=2758"}],"version-history":[{"count":22,"href":"https:\/\/www.jumpheaven.pl\/jeleniagora\/wp-json\/wp\/v2\/pages\/2758\/revisions"}],"predecessor-version":[{"id":2815,"href":"https:\/\/www.jumpheaven.pl\/jeleniagora\/wp-json\/wp\/v2\/pages\/2758\/revisions\/2815"}],"wp:attachment":[{"href":"https:\/\/www.jumpheaven.pl\/jeleniagora\/wp-json\/wp\/v2\/media?parent=2758"}],"curies":[{"name":"wp","href":"https:\/\/api.w.org\/{rel}","templated":true}]}}