{"id":502,"date":"2020-01-17T09:37:33","date_gmt":"2020-01-17T08:37:33","guid":{"rendered":"https:\/\/www.jumpheaven.pl\/jeleniagora\/?page_id=502"},"modified":"2025-03-21T00:00:47","modified_gmt":"2025-03-20T23:00:47","slug":"urodziny","status":"publish","type":"page","link":"https:\/\/www.jumpheaven.pl\/jeleniagora\/urodziny\/","title":{"rendered":"URODZINY"},"content":{"rendered":"\t\t<div data-elementor-type=\"wp-page\" data-elementor-id=\"502\" class=\"elementor elementor-502\" data-elementor-post-type=\"page\">\n\t\t\t\t\t\t<section class=\"elementor-section elementor-top-section elementor-element elementor-element-0117dcb elementor-section-boxed elementor-section-height-default elementor-section-height-default\" data-id=\"0117dcb\" data-element_type=\"section\" data-settings=\"{&quot;background_background&quot;:&quot;classic&quot;}\">\n\t\t\t\t\t\t<div class=\"elementor-container elementor-column-gap-default\">\n\t\t\t\t\t<div class=\"elementor-column elementor-col-100 elementor-top-column elementor-element elementor-element-40b3f9b\" data-id=\"40b3f9b\" data-element_type=\"column\">\n\t\t\t<div class=\"elementor-widget-wrap elementor-element-populated\">\n\t\t\t\t\t\t<div class=\"elementor-element elementor-element-ddeed73 elementor-widget elementor-widget-heading\" data-id=\"ddeed73\" data-element_type=\"widget\" data-widget_type=\"heading.default\">\n\t\t\t\t<div class=\"elementor-widget-container\">\n\t\t\t\t\t<h3 class=\"elementor-heading-title elementor-size-default\">URODZINY W JUMP HEAVEN<br>JELENIA G\u00d3RA<\/h3>\t\t\t\t<\/div>\n\t\t\t\t<\/div>\n\t\t\t\t\t<\/div>\n\t\t<\/div>\n\t\t\t\t\t<\/div>\n\t\t<\/section>\n\t\t\t\t<section class=\"elementor-section elementor-top-section elementor-element elementor-element-52e3905 elementor-section-boxed elementor-section-height-default elementor-section-height-default\" data-id=\"52e3905\" data-element_type=\"section\">\n\t\t\t\t\t\t<div class=\"elementor-container elementor-column-gap-default\">\n\t\t\t\t\t<div class=\"elementor-column elementor-col-100 elementor-top-column elementor-element elementor-element-65596be\" data-id=\"65596be\" data-element_type=\"column\">\n\t\t\t<div class=\"elementor-widget-wrap elementor-element-populated\">\n\t\t\t\t\t\t<div class=\"elementor-element elementor-element-be8ddb1 elementor-widget elementor-widget-image\" data-id=\"be8ddb1\" data-element_type=\"widget\" data-widget_type=\"image.default\">\n\t\t\t\t<div class=\"elementor-widget-container\">\n\t\t\t\t\t\t\t\t\t\t\t\t\t\t\t<img fetchpriority=\"high\" decoding=\"async\" width=\"1500\" height=\"1170\" src=\"https:\/\/www.jumpheaven.pl\/jeleniagora\/wp-content\/uploads\/2025\/01\/cennik_jelenia_7_01.png\" class=\"attachment-full size-full wp-image-2570\" alt=\"\" srcset=\"https:\/\/www.jumpheaven.pl\/jeleniagora\/wp-content\/uploads\/2025\/01\/cennik_jelenia_7_01.png 1500w, https:\/\/www.jumpheaven.pl\/jeleniagora\/wp-content\/uploads\/2025\/01\/cennik_jelenia_7_01-300x234.png 300w, https:\/\/www.jumpheaven.pl\/jeleniagora\/wp-content\/uploads\/2025\/01\/cennik_jelenia_7_01-1024x799.png 1024w, https:\/\/www.jumpheaven.pl\/jeleniagora\/wp-content\/uploads\/2025\/01\/cennik_jelenia_7_01-768x599.png 768w, https:\/\/www.jumpheaven.pl\/jeleniagora\/wp-content\/uploads\/2025\/01\/cennik_jelenia_7_01-1200x936.png 1200w\" sizes=\"(max-width: 1500px) 100vw, 1500px\" \/>\t\t\t\t\t\t\t\t\t\t\t\t\t\t\t<\/div>\n\t\t\t\t<\/div>\n\t\t\t\t\t<\/div>\n\t\t<\/div>\n\t\t\t\t\t<\/div>\n\t\t<\/section>\n\t\t\t\t<section class=\"elementor-section elementor-top-section elementor-element elementor-element-99fd643 elementor-hidden-mobile elementor-hidden-widescreen elementor-hidden-desktop elementor-hidden-laptop elementor-hidden-tablet_extra elementor-hidden-tablet elementor-hidden-mobile_extra elementor-section-boxed elementor-section-height-default elementor-section-height-default\" data-id=\"99fd643\" data-element_type=\"section\">\n\t\t\t\t\t\t<div class=\"elementor-container elementor-column-gap-default\">\n\t\t\t\t\t<div class=\"elementor-column elementor-col-100 elementor-top-column elementor-element elementor-element-5f54e9c\" data-id=\"5f54e9c\" data-element_type=\"column\">\n\t\t\t<div class=\"elementor-widget-wrap elementor-element-populated\">\n\t\t\t\t\t\t<div class=\"elementor-element elementor-element-52be1e1 eael-dt-th-align-center eael-dt-th-align-tablet-center eael-table-align-center elementor-widget elementor-widget-eael-data-table\" data-id=\"52be1e1\" data-element_type=\"widget\" data-widget_type=\"eael-data-table.default\">\n\t\t\t\t<div class=\"elementor-widget-container\">\n\t\t\t\t\t<style>\n\t\t\t@media (max-width: 767px) {\n\t\t\t   #eael-data-table-wrapper-52be1e1.custom-responsive-option-enable .eael-data-table thead {\n                    display: none;\n               }\n               #eael-data-table-wrapper-52be1e1.custom-responsive-option-enable .eael-data-table tbody tr td {\n                    float: none;\n                    clear: left;\n                    width: 100%;\n                    text-align: left;\n                    display: flex;\n                    align-items: center;\n                }\n\t\t\t}\n\t\t\t<\/style>\t\t<div class=\"eael-data-table-wrap custom-responsive-option-enable\" data-table_id=\"52be1e1\" id=\"eael-data-table-wrapper-52be1e1\" data-custom_responsive=\"true\">\n\t\t\t<table class=\"tablesorter eael-data-table center\" id=\"eael-data-table-52be1e1\">\n\t\t\t    <thead>\n\t\t\t        <tr class=\"table-header\">\n\t\t\t\t\t\t\t\t\t            <th class=\"\" id=\"\" colspan=\"\">\n\t\t\t\t\t\t\t\t\t\t\t\t\t\t<span class=\"data-table-header-text\">Dni tygodnia<\/span><\/th>\n\t\t\t        \t\t\t\t            <th class=\"\" id=\"\" colspan=\"\">\n\t\t\t\t\t\t\t\t\t\t\t\t\t\t<span class=\"data-table-header-text\">Park Trampolin<\/span><\/th>\n\t\t\t        \t\t\t\t            <th class=\"\" id=\"\" colspan=\"\">\n\t\t\t\t\t\t\t\t\t\t\t\t\t\t<span class=\"data-table-header-text\">Figloraj<\/span><\/th>\n\t\t\t        \t\t\t\t            <th class=\"\" id=\"\" colspan=\"\">\n\t\t\t\t\t\t\t\t\t\t\t\t\t\t<span class=\"data-table-header-text\">Open (Trampoliny + Figloraj)<\/span><\/th>\n\t\t\t        \t\t\t\t        <\/tr>\n\t\t\t    <\/thead>\n\t\t\t  \t<tbody>\n\t\t\t\t\t\t\t\t\t\t\t<tr>\n\t\t\t\t\t\t\t\t\t\t\t\t\t\t\t\t   \t\t\t\t\t\t\t\t\t\t\t<td colspan=\"\" rowspan=\"\" class=\"\" id=\"\">\n\t\t\t\t\t\t\t\t\t\t\t\t<div class=\"td-content-wrapper\"><div class=\"td-content\">\n\t\t\t\t\t\t\t\t\t\t\t\t\tPoniedzia\u0142ek &#8211; Czwartek do 10 os\u00f3b\t\t\t\t\t\t\t\t\t\t\t\t<\/div><\/div>\n\t\t\t\t\t\t\t\t\t\t\t<\/td>\n\t\t\t\t\t\t\t\t\t\t\t\t\t\t\t\t\t\t\t\t\t\t\t\t\t\t\t\t\t   \t\t\t\t\t\t\t\t\t\t\t<td colspan=\"\" rowspan=\"\" class=\"\" id=\"\">\n\t\t\t\t\t\t\t\t\t\t\t\t<div class=\"td-content-wrapper\"><div class=\"td-content\">\n\t\t\t\t\t\t\t\t\t\t\t\t\t399 z\u0142*\t\t\t\t\t\t\t\t\t\t\t\t<\/div><\/div>\n\t\t\t\t\t\t\t\t\t\t\t<\/td>\n\t\t\t\t\t\t\t\t\t\t\t\t\t\t\t\t\t\t\t\t\t\t\t\t\t\t\t\t\t   \t\t\t\t\t\t\t\t\t\t\t<td colspan=\"\" rowspan=\"\" class=\"\" id=\"\">\n\t\t\t\t\t\t\t\t\t\t\t\t<div class=\"td-content-wrapper\"><div class=\"td-content\">\n\t\t\t\t\t\t\t\t\t\t\t\t\t220 z\u0142*\t\t\t\t\t\t\t\t\t\t\t\t<\/div><\/div>\n\t\t\t\t\t\t\t\t\t\t\t<\/td>\n\t\t\t\t\t\t\t\t\t\t\t\t\t\t\t\t\t\t\t\t\t\t\t\t\t\t\t\t\t   \t\t\t\t\t\t\t\t\t\t\t<td colspan=\"\" rowspan=\"\" class=\"\" id=\"\">\n\t\t\t\t\t\t\t\t\t\t\t\t<div class=\"td-content-wrapper\"><div class=\"td-content\">\n\t\t\t\t\t\t\t\t\t\t\t\t\t429 z\u0142*\t\t\t\t\t\t\t\t\t\t\t\t<\/div><\/div>\n\t\t\t\t\t\t\t\t\t\t\t<\/td>\n\t\t\t\t\t\t\t\t\t\t\t\t\t\t\t\t\t\t\t\t\t\t\t\t\t\t<\/tr>\n\t\t\t        \t\t\t\t\t\t<tr>\n\t\t\t\t\t\t\t\t\t\t\t\t\t\t\t\t   \t\t\t\t\t\t\t\t\t\t\t<td colspan=\"\" rowspan=\"\" class=\"\" id=\"\">\n\t\t\t\t\t\t\t\t\t\t\t\t<div class=\"td-content-wrapper\"><div class=\"td-content\">\n\t\t\t\t\t\t\t\t\t\t\t\t\tDodatkowe osoby (Pn.-Czw.)\t\t\t\t\t\t\t\t\t\t\t\t<\/div><\/div>\n\t\t\t\t\t\t\t\t\t\t\t<\/td>\n\t\t\t\t\t\t\t\t\t\t\t\t\t\t\t\t\t\t\t\t\t\t\t\t\t\t\t\t\t   \t\t\t\t\t\t\t\t\t\t\t<td colspan=\"\" rowspan=\"\" class=\"\" id=\"\">\n\t\t\t\t\t\t\t\t\t\t\t\t<div class=\"td-content-wrapper\"><div class=\"td-content\">\n\t\t\t\t\t\t\t\t\t\t\t\t\t35 z\u0142*\t\t\t\t\t\t\t\t\t\t\t\t<\/div><\/div>\n\t\t\t\t\t\t\t\t\t\t\t<\/td>\n\t\t\t\t\t\t\t\t\t\t\t\t\t\t\t\t\t\t\t\t\t\t\t\t\t\t\t\t\t   \t\t\t\t\t\t\t\t\t\t\t<td colspan=\"\" rowspan=\"\" class=\"\" id=\"\">\n\t\t\t\t\t\t\t\t\t\t\t\t<div class=\"td-content-wrapper\"><div class=\"td-content\">\n\t\t\t\t\t\t\t\t\t\t\t\t\t24 z\u0142*\t\t\t\t\t\t\t\t\t\t\t\t<\/div><\/div>\n\t\t\t\t\t\t\t\t\t\t\t<\/td>\n\t\t\t\t\t\t\t\t\t\t\t\t\t\t\t\t\t\t\t\t\t\t\t\t\t\t\t\t\t   \t\t\t\t\t\t\t\t\t\t\t<td colspan=\"\" rowspan=\"\" class=\"\" id=\"\">\n\t\t\t\t\t\t\t\t\t\t\t\t<div class=\"td-content-wrapper\"><div class=\"td-content\">\n\t\t\t\t\t\t\t\t\t\t\t\t\t42 z\u0142*\t\t\t\t\t\t\t\t\t\t\t\t<\/div><\/div>\n\t\t\t\t\t\t\t\t\t\t\t<\/td>\n\t\t\t\t\t\t\t\t\t\t\t\t\t\t\t\t\t\t\t\t\t\t\t\t\t\t<\/tr>\n\t\t\t        \t\t\t\t\t\t<tr>\n\t\t\t\t\t\t\t\t\t\t\t\t\t\t\t\t   \t\t\t\t\t\t\t\t\t\t\t<td colspan=\"\" rowspan=\"\" class=\"\" id=\"\">\n\t\t\t\t\t\t\t\t\t\t\t\t<div class=\"td-content-wrapper\"><div class=\"td-content\">\n\t\t\t\t\t\t\t\t\t\t\t\t\tWeekend do 10 os\u00f3b\t\t\t\t\t\t\t\t\t\t\t\t<\/div><\/div>\n\t\t\t\t\t\t\t\t\t\t\t<\/td>\n\t\t\t\t\t\t\t\t\t\t\t\t\t\t\t\t\t\t\t\t\t\t\t\t\t\t\t\t\t   \t\t\t\t\t\t\t\t\t\t\t<td colspan=\"\" rowspan=\"\" class=\"\" id=\"\">\n\t\t\t\t\t\t\t\t\t\t\t\t<div class=\"td-content-wrapper\"><div class=\"td-content\">\n\t\t\t\t\t\t\t\t\t\t\t\t\t499 z\u0142*\t\t\t\t\t\t\t\t\t\t\t\t<\/div><\/div>\n\t\t\t\t\t\t\t\t\t\t\t<\/td>\n\t\t\t\t\t\t\t\t\t\t\t\t\t\t\t\t\t\t\t\t\t\t\t\t\t\t\t\t\t   \t\t\t\t\t\t\t\t\t\t\t<td colspan=\"\" rowspan=\"\" class=\"\" id=\"\">\n\t\t\t\t\t\t\t\t\t\t\t\t<div class=\"td-content-wrapper\"><div class=\"td-content\">\n\t\t\t\t\t\t\t\t\t\t\t\t\t299 z\u0142*\t\t\t\t\t\t\t\t\t\t\t\t<\/div><\/div>\n\t\t\t\t\t\t\t\t\t\t\t<\/td>\n\t\t\t\t\t\t\t\t\t\t\t\t\t\t\t\t\t\t\t\t\t\t\t\t\t\t\t\t\t   \t\t\t\t\t\t\t\t\t\t\t<td colspan=\"\" rowspan=\"\" class=\"\" id=\"\">\n\t\t\t\t\t\t\t\t\t\t\t\t<div class=\"td-content-wrapper\"><div class=\"td-content\">\n\t\t\t\t\t\t\t\t\t\t\t\t\t550 z\u0142*\t\t\t\t\t\t\t\t\t\t\t\t<\/div><\/div>\n\t\t\t\t\t\t\t\t\t\t\t<\/td>\n\t\t\t\t\t\t\t\t\t\t\t\t\t\t\t\t\t\t\t\t\t\t\t\t\t\t<\/tr>\n\t\t\t        \t\t\t\t\t\t<tr>\n\t\t\t\t\t\t\t\t\t\t\t\t\t\t\t\t   \t\t\t\t\t\t\t\t\t\t\t<td colspan=\"\" rowspan=\"\" class=\"\" id=\"\">\n\t\t\t\t\t\t\t\t\t\t\t\t<div class=\"td-content-wrapper\"><div class=\"td-content\">\n\t\t\t\t\t\t\t\t\t\t\t\t\tDodatkowe osoby weekend (Pt.-Nd.)\t\t\t\t\t\t\t\t\t\t\t\t<\/div><\/div>\n\t\t\t\t\t\t\t\t\t\t\t<\/td>\n\t\t\t\t\t\t\t\t\t\t\t\t\t\t\t\t\t\t\t\t\t\t\t\t\t\t\t\t\t   \t\t\t\t\t\t\t\t\t\t\t<td colspan=\"\" rowspan=\"\" class=\"\" id=\"\">\n\t\t\t\t\t\t\t\t\t\t\t\t<div class=\"td-content-wrapper\"><div class=\"td-content\">\n\t\t\t\t\t\t\t\t\t\t\t\t\t40 z\u0142*\t\t\t\t\t\t\t\t\t\t\t\t<\/div><\/div>\n\t\t\t\t\t\t\t\t\t\t\t<\/td>\n\t\t\t\t\t\t\t\t\t\t\t\t\t\t\t\t\t\t\t\t\t\t\t\t\t\t\t\t\t   \t\t\t\t\t\t\t\t\t\t\t<td colspan=\"\" rowspan=\"\" class=\"\" id=\"\">\n\t\t\t\t\t\t\t\t\t\t\t\t<div class=\"td-content-wrapper\"><div class=\"td-content\">\n\t\t\t\t\t\t\t\t\t\t\t\t\t27 z\u0142*\t\t\t\t\t\t\t\t\t\t\t\t<\/div><\/div>\n\t\t\t\t\t\t\t\t\t\t\t<\/td>\n\t\t\t\t\t\t\t\t\t\t\t\t\t\t\t\t\t\t\t\t\t\t\t\t\t\t\t\t\t   \t\t\t\t\t\t\t\t\t\t\t<td colspan=\"\" rowspan=\"\" class=\"\" id=\"\">\n\t\t\t\t\t\t\t\t\t\t\t\t<div class=\"td-content-wrapper\"><div class=\"td-content\">\n\t\t\t\t\t\t\t\t\t\t\t\t\t44 z\u0142*\t\t\t\t\t\t\t\t\t\t\t\t<\/div><\/div>\n\t\t\t\t\t\t\t\t\t\t\t<\/td>\n\t\t\t\t\t\t\t\t\t\t\t\t\t\t\t\t\t\t\t\t\t\t\t\t\t\t<\/tr>\n\t\t\t        \t\t\t    <\/tbody>\n\t\t\t<\/table>\n\t\t<\/div>\n\t  \t\t\t\t\t<\/div>\n\t\t\t\t<\/div>\n\t\t\t\t\t<\/div>\n\t\t<\/div>\n\t\t\t\t\t<\/div>\n\t\t<\/section>\n\t\t\t\t<section class=\"elementor-section elementor-top-section elementor-element elementor-element-545c4e3 elementor-section-boxed elementor-section-height-default elementor-section-height-default\" data-id=\"545c4e3\" data-element_type=\"section\">\n\t\t\t\t\t\t<div class=\"elementor-container elementor-column-gap-default\">\n\t\t\t\t\t<div class=\"elementor-column elementor-col-100 elementor-top-column elementor-element elementor-element-1bfe09d\" data-id=\"1bfe09d\" data-element_type=\"column\">\n\t\t\t<div class=\"elementor-widget-wrap elementor-element-populated\">\n\t\t\t\t\t\t<div class=\"elementor-element elementor-element-917ab11 elementor-widget elementor-widget-heading\" data-id=\"917ab11\" data-element_type=\"widget\" data-widget_type=\"heading.default\">\n\t\t\t\t<div class=\"elementor-widget-container\">\n\t\t\t\t\t<h5 class=\"elementor-heading-title elementor-size-default\">INFORMACJE DODATKOWE<\/h5>\t\t\t\t<\/div>\n\t\t\t\t<\/div>\n\t\t\t\t<div class=\"elementor-element elementor-element-a5938bd elementor-widget elementor-widget-text-editor\" data-id=\"a5938bd\" data-element_type=\"widget\" data-widget_type=\"text-editor.default\">\n\t\t\t\t<div class=\"elementor-widget-container\">\n\t\t\t\t\t\t\t\t\t<ul><li>Ka\u017cdy uczestnik urodzin musi posiada\u0107 pisemn\u0105 zgod\u0119 rodzica lub opiekuna na korzystanie z atrakcji Parku Trampolin. Jest ona do pobrania na stronie www.jumpheaven.pl\/jeleniagora lub istnieje mo\u017cliwo\u015b\u0107 wype\u0142nienia jej na miejscu.<\/li><li>Wype\u0142ni\u0107 o\u015bwiadczenie o uczestnictwie w zaj\u0119ciach sportowych zorganizowanych<\/li><li>Rezerwacja jest wa\u017cna wy\u0142\u0105cznie po <strong>wp\u0142aceniu zadatku w wysoko\u015bci 200 z\u0142<\/strong> (p\u0142atno\u015b\u0107 kart\u0105 lub got\u00f3wk\u0105). Zadatek jest bezzwrotny.<\/li><li>Do salki urodzinowej mo\u017cna si\u0119 uda\u0107 min. 15 minut przed rozpocz\u0119ciem zaj\u0119\u0107.<\/li><li>Prosimy o telefoniczne lub mailowe potwierdzenie ilo\u015bci os\u00f3b dniu urodzin, maksymalnie 3 godziny przed rezerwacj\u0105.<\/li><li>Prosimy o zapoznanie si\u0119 z regulaminami dost\u0119pnymi w Parku Trampolin Jump Heaven lub na stronie internetowej <a style=\"color: #6599ff;\" href=\"https:\/\/www.jumpheaven.pl\/jeleniagora\">www.jumpheaven.pl\/jeleniagora<\/a><\/li><\/ul>\t\t\t\t\t\t\t\t<\/div>\n\t\t\t\t<\/div>\n\t\t\t\t\t<\/div>\n\t\t<\/div>\n\t\t\t\t\t<\/div>\n\t\t<\/section>\n\t\t\t\t<section class=\"elementor-section elementor-top-section elementor-element elementor-element-0e2ba4c elementor-section-boxed elementor-section-height-default elementor-section-height-default\" data-id=\"0e2ba4c\" data-element_type=\"section\">\n\t\t\t\t\t\t<div class=\"elementor-container elementor-column-gap-default\">\n\t\t\t\t\t<div class=\"elementor-column elementor-col-100 elementor-top-column elementor-element elementor-element-754bc73\" data-id=\"754bc73\" data-element_type=\"column\">\n\t\t\t<div class=\"elementor-widget-wrap elementor-element-populated\">\n\t\t\t\t\t\t<div class=\"elementor-element elementor-element-4766aa7 elementor-widget elementor-widget-heading\" data-id=\"4766aa7\" data-element_type=\"widget\" data-widget_type=\"heading.default\">\n\t\t\t\t<div class=\"elementor-widget-container\">\n\t\t\t\t\t<h2 class=\"elementor-heading-title elementor-size-default\">Zapraszamy! \ud83d\ude42<\/h2>\t\t\t\t<\/div>\n\t\t\t\t<\/div>\n\t\t\t\t\t<\/div>\n\t\t<\/div>\n\t\t\t\t\t<\/div>\n\t\t<\/section>\n\t\t\t\t<\/div>\n\t\t","protected":false},"excerpt":{"rendered":"<p>URODZINY W JUMP HEAVENJELENIA G\u00d3RA Dni tygodnia Park Trampolin Figloraj Open (Trampoliny + Figloraj) Poniedzia\u0142ek &#8211; Czwartek do 10 os\u00f3b 399 z\u0142* 220 z\u0142* 429 z\u0142* Dodatkowe osoby (Pn.-Czw.) 35 z\u0142* 24 z\u0142* 42 z\u0142* Weekend do 10 os\u00f3b 499 z\u0142* 299 z\u0142* 550 z\u0142* Dodatkowe osoby weekend (Pt.-Nd.) 40 z\u0142* 27 z\u0142* 44 z\u0142* [&hellip;]<\/p>\n","protected":false},"author":1,"featured_media":0,"parent":0,"menu_order":0,"comment_status":"closed","ping_status":"closed","template":"elementor_header_footer","meta":{"footnotes":""},"class_list":["post-502","page","type-page","status-publish","hentry"],"yoast_head":"<!-- This site is optimized with the Yoast SEO plugin v25.1 - https:\/\/yoast.com\/wordpress\/plugins\/seo\/ -->\n<title>URODZINY - Jump Heaven - Park Trampolin Jelenia G\u00f3ra<\/title>\n<meta name=\"robots\" content=\"index, follow, max-snippet:-1, max-image-preview:large, max-video-preview:-1\" \/>\n<link rel=\"canonical\" href=\"https:\/\/www.jumpheaven.pl\/jeleniagora\/urodziny\/\" \/>\n<meta property=\"og:locale\" content=\"pl_PL\" \/>\n<meta property=\"og:type\" content=\"article\" \/>\n<meta property=\"og:title\" content=\"URODZINY - Jump Heaven - Park Trampolin Jelenia G\u00f3ra\" \/>\n<meta property=\"og:description\" content=\"URODZINY W JUMP HEAVENJELENIA G\u00d3RA Dni tygodnia Park Trampolin Figloraj Open (Trampoliny + Figloraj) Poniedzia\u0142ek &#8211; Czwartek do 10 os\u00f3b 399 z\u0142* 220 z\u0142* 429 z\u0142* Dodatkowe osoby (Pn.-Czw.) 35 z\u0142* 24 z\u0142* 42 z\u0142* Weekend do 10 os\u00f3b 499 z\u0142* 299 z\u0142* 550 z\u0142* Dodatkowe osoby weekend (Pt.-Nd.) 40 z\u0142* 27 z\u0142* 44 z\u0142* [&hellip;]\" \/>\n<meta property=\"og:url\" content=\"https:\/\/www.jumpheaven.pl\/jeleniagora\/urodziny\/\" \/>\n<meta property=\"og:site_name\" content=\"Jump Heaven - Park Trampolin Jelenia G\u00f3ra\" \/>\n<meta property=\"article:publisher\" content=\"https:\/\/www.facebook.com\/Jump-Heaven-Legnica-205087276723396\/\" \/>\n<meta property=\"article:modified_time\" content=\"2025-03-20T23:00:47+00:00\" \/>\n<meta property=\"og:image\" content=\"https:\/\/www.jumpheaven.pl\/jeleniagora\/wp-content\/uploads\/2025\/01\/cennik_jelenia_7_01.png\" \/>\n\t<meta property=\"og:image:width\" content=\"1500\" \/>\n\t<meta property=\"og:image:height\" content=\"1170\" \/>\n\t<meta property=\"og:image:type\" content=\"image\/png\" \/>\n<meta name=\"twitter:card\" content=\"summary_large_image\" \/>\n<meta name=\"twitter:label1\" content=\"Szacowany czas czytania\" \/>\n\t<meta name=\"twitter:data1\" content=\"2 minuty\" \/>\n<script type=\"application\/ld+json\" class=\"yoast-schema-graph\">{\"@context\":\"https:\/\/schema.org\",\"@graph\":[{\"@type\":\"WebPage\",\"@id\":\"https:\/\/www.jumpheaven.pl\/jeleniagora\/urodziny\/\",\"url\":\"https:\/\/www.jumpheaven.pl\/jeleniagora\/urodziny\/\",\"name\":\"URODZINY - Jump Heaven - Park Trampolin Jelenia G\u00f3ra\",\"isPartOf\":{\"@id\":\"https:\/\/www.jumpheaven.pl\/jeleniagora\/#website\"},\"primaryImageOfPage\":{\"@id\":\"https:\/\/www.jumpheaven.pl\/jeleniagora\/urodziny\/#primaryimage\"},\"image\":{\"@id\":\"https:\/\/www.jumpheaven.pl\/jeleniagora\/urodziny\/#primaryimage\"},\"thumbnailUrl\":\"https:\/\/www.jumpheaven.pl\/jeleniagora\/wp-content\/uploads\/2025\/01\/cennik_jelenia_7_01.png\",\"datePublished\":\"2020-01-17T08:37:33+00:00\",\"dateModified\":\"2025-03-20T23:00:47+00:00\",\"breadcrumb\":{\"@id\":\"https:\/\/www.jumpheaven.pl\/jeleniagora\/urodziny\/#breadcrumb\"},\"inLanguage\":\"pl-PL\",\"potentialAction\":[{\"@type\":\"ReadAction\",\"target\":[\"https:\/\/www.jumpheaven.pl\/jeleniagora\/urodziny\/\"]}]},{\"@type\":\"ImageObject\",\"inLanguage\":\"pl-PL\",\"@id\":\"https:\/\/www.jumpheaven.pl\/jeleniagora\/urodziny\/#primaryimage\",\"url\":\"https:\/\/www.jumpheaven.pl\/jeleniagora\/wp-content\/uploads\/2025\/01\/cennik_jelenia_7_01.png\",\"contentUrl\":\"https:\/\/www.jumpheaven.pl\/jeleniagora\/wp-content\/uploads\/2025\/01\/cennik_jelenia_7_01.png\"},{\"@type\":\"BreadcrumbList\",\"@id\":\"https:\/\/www.jumpheaven.pl\/jeleniagora\/urodziny\/#breadcrumb\",\"itemListElement\":[{\"@type\":\"ListItem\",\"position\":1,\"name\":\"Strona g\u0142\u00f3wna\",\"item\":\"https:\/\/www.jumpheaven.pl\/jeleniagora\/\"},{\"@type\":\"ListItem\",\"position\":2,\"name\":\"URODZINY\"}]},{\"@type\":\"WebSite\",\"@id\":\"https:\/\/www.jumpheaven.pl\/jeleniagora\/#website\",\"url\":\"https:\/\/www.jumpheaven.pl\/jeleniagora\/\",\"name\":\"Jump Heaven - Park Trampolin Legnica\",\"description\":\"Zapraszamy do sieci Park\u00f3w Trampolin Jump Heaven w Legnicy, Jeleniej G\u00f3rze, W\u0142oc\u0142awku i Ozimku\",\"publisher\":{\"@id\":\"https:\/\/www.jumpheaven.pl\/jeleniagora\/#organization\"},\"potentialAction\":[{\"@type\":\"SearchAction\",\"target\":{\"@type\":\"EntryPoint\",\"urlTemplate\":\"https:\/\/www.jumpheaven.pl\/jeleniagora\/?s={search_term_string}\"},\"query-input\":{\"@type\":\"PropertyValueSpecification\",\"valueRequired\":true,\"valueName\":\"search_term_string\"}}],\"inLanguage\":\"pl-PL\"},{\"@type\":\"Organization\",\"@id\":\"https:\/\/www.jumpheaven.pl\/jeleniagora\/#organization\",\"name\":\"Park Trampolin Jump Heaven\",\"url\":\"https:\/\/www.jumpheaven.pl\/jeleniagora\/\",\"logo\":{\"@type\":\"ImageObject\",\"inLanguage\":\"pl-PL\",\"@id\":\"https:\/\/www.jumpheaven.pl\/jeleniagora\/#\/schema\/logo\/image\/\",\"url\":\"https:\/\/www.jumpheaven.pl\/jeleniagora\/wp-content\/uploads\/2020\/02\/JumpHeaven_Parki_trampolin_Jelenia_Gora-on_dark_background.png\",\"contentUrl\":\"https:\/\/www.jumpheaven.pl\/jeleniagora\/wp-content\/uploads\/2020\/02\/JumpHeaven_Parki_trampolin_Jelenia_Gora-on_dark_background.png\",\"width\":1400,\"height\":823,\"caption\":\"Park Trampolin Jump Heaven\"},\"image\":{\"@id\":\"https:\/\/www.jumpheaven.pl\/jeleniagora\/#\/schema\/logo\/image\/\"},\"sameAs\":[\"https:\/\/www.facebook.com\/Jump-Heaven-Legnica-205087276723396\/\",\"https:\/\/www.youtube.com\/channel\/UC3M6f8VZ7hmJUqQ7PGgrO3Q\"]}]}<\/script>\n<!-- \/ Yoast SEO plugin. -->","yoast_head_json":{"title":"URODZINY - Jump Heaven - Park Trampolin Jelenia G\u00f3ra","robots":{"index":"index","follow":"follow","max-snippet":"max-snippet:-1","max-image-preview":"max-image-preview:large","max-video-preview":"max-video-preview:-1"},"canonical":"https:\/\/www.jumpheaven.pl\/jeleniagora\/urodziny\/","og_locale":"pl_PL","og_type":"article","og_title":"URODZINY - Jump Heaven - Park Trampolin Jelenia G\u00f3ra","og_description":"URODZINY W JUMP HEAVENJELENIA G\u00d3RA Dni tygodnia Park Trampolin Figloraj Open (Trampoliny + Figloraj) Poniedzia\u0142ek &#8211; Czwartek do 10 os\u00f3b 399 z\u0142* 220 z\u0142* 429 z\u0142* Dodatkowe osoby (Pn.-Czw.) 35 z\u0142* 24 z\u0142* 42 z\u0142* Weekend do 10 os\u00f3b 499 z\u0142* 299 z\u0142* 550 z\u0142* Dodatkowe osoby weekend (Pt.-Nd.) 40 z\u0142* 27 z\u0142* 44 z\u0142* [&hellip;]","og_url":"https:\/\/www.jumpheaven.pl\/jeleniagora\/urodziny\/","og_site_name":"Jump Heaven - Park Trampolin Jelenia G\u00f3ra","article_publisher":"https:\/\/www.facebook.com\/Jump-Heaven-Legnica-205087276723396\/","article_modified_time":"2025-03-20T23:00:47+00:00","og_image":[{"width":1500,"height":1170,"url":"https:\/\/www.jumpheaven.pl\/jeleniagora\/wp-content\/uploads\/2025\/01\/cennik_jelenia_7_01.png","type":"image\/png"}],"twitter_card":"summary_large_image","twitter_misc":{"Szacowany czas czytania":"2 minuty"},"schema":{"@context":"https:\/\/schema.org","@graph":[{"@type":"WebPage","@id":"https:\/\/www.jumpheaven.pl\/jeleniagora\/urodziny\/","url":"https:\/\/www.jumpheaven.pl\/jeleniagora\/urodziny\/","name":"URODZINY - Jump Heaven - Park Trampolin Jelenia G\u00f3ra","isPartOf":{"@id":"https:\/\/www.jumpheaven.pl\/jeleniagora\/#website"},"primaryImageOfPage":{"@id":"https:\/\/www.jumpheaven.pl\/jeleniagora\/urodziny\/#primaryimage"},"image":{"@id":"https:\/\/www.jumpheaven.pl\/jeleniagora\/urodziny\/#primaryimage"},"thumbnailUrl":"https:\/\/www.jumpheaven.pl\/jeleniagora\/wp-content\/uploads\/2025\/01\/cennik_jelenia_7_01.png","datePublished":"2020-01-17T08:37:33+00:00","dateModified":"2025-03-20T23:00:47+00:00","breadcrumb":{"@id":"https:\/\/www.jumpheaven.pl\/jeleniagora\/urodziny\/#breadcrumb"},"inLanguage":"pl-PL","potentialAction":[{"@type":"ReadAction","target":["https:\/\/www.jumpheaven.pl\/jeleniagora\/urodziny\/"]}]},{"@type":"ImageObject","inLanguage":"pl-PL","@id":"https:\/\/www.jumpheaven.pl\/jeleniagora\/urodziny\/#primaryimage","url":"https:\/\/www.jumpheaven.pl\/jeleniagora\/wp-content\/uploads\/2025\/01\/cennik_jelenia_7_01.png","contentUrl":"https:\/\/www.jumpheaven.pl\/jeleniagora\/wp-content\/uploads\/2025\/01\/cennik_jelenia_7_01.png"},{"@type":"BreadcrumbList","@id":"https:\/\/www.jumpheaven.pl\/jeleniagora\/urodziny\/#breadcrumb","itemListElement":[{"@type":"ListItem","position":1,"name":"Strona g\u0142\u00f3wna","item":"https:\/\/www.jumpheaven.pl\/jeleniagora\/"},{"@type":"ListItem","position":2,"name":"URODZINY"}]},{"@type":"WebSite","@id":"https:\/\/www.jumpheaven.pl\/jeleniagora\/#website","url":"https:\/\/www.jumpheaven.pl\/jeleniagora\/","name":"Jump Heaven - Park Trampolin Legnica","description":"Zapraszamy do sieci Park\u00f3w Trampolin Jump Heaven w Legnicy, Jeleniej G\u00f3rze, W\u0142oc\u0142awku i Ozimku","publisher":{"@id":"https:\/\/www.jumpheaven.pl\/jeleniagora\/#organization"},"potentialAction":[{"@type":"SearchAction","target":{"@type":"EntryPoint","urlTemplate":"https:\/\/www.jumpheaven.pl\/jeleniagora\/?s={search_term_string}"},"query-input":{"@type":"PropertyValueSpecification","valueRequired":true,"valueName":"search_term_string"}}],"inLanguage":"pl-PL"},{"@type":"Organization","@id":"https:\/\/www.jumpheaven.pl\/jeleniagora\/#organization","name":"Park Trampolin Jump Heaven","url":"https:\/\/www.jumpheaven.pl\/jeleniagora\/","logo":{"@type":"ImageObject","inLanguage":"pl-PL","@id":"https:\/\/www.jumpheaven.pl\/jeleniagora\/#\/schema\/logo\/image\/","url":"https:\/\/www.jumpheaven.pl\/jeleniagora\/wp-content\/uploads\/2020\/02\/JumpHeaven_Parki_trampolin_Jelenia_Gora-on_dark_background.png","contentUrl":"https:\/\/www.jumpheaven.pl\/jeleniagora\/wp-content\/uploads\/2020\/02\/JumpHeaven_Parki_trampolin_Jelenia_Gora-on_dark_background.png","width":1400,"height":823,"caption":"Park Trampolin Jump Heaven"},"image":{"@id":"https:\/\/www.jumpheaven.pl\/jeleniagora\/#\/schema\/logo\/image\/"},"sameAs":["https:\/\/www.facebook.com\/Jump-Heaven-Legnica-205087276723396\/","https:\/\/www.youtube.com\/channel\/UC3M6f8VZ7hmJUqQ7PGgrO3Q"]}]}},"_links":{"self":[{"href":"https:\/\/www.jumpheaven.pl\/jeleniagora\/wp-json\/wp\/v2\/pages\/502","targetHints":{"allow":["GET"]}}],"collection":[{"href":"https:\/\/www.jumpheaven.pl\/jeleniagora\/wp-json\/wp\/v2\/pages"}],"about":[{"href":"https:\/\/www.jumpheaven.pl\/jeleniagora\/wp-json\/wp\/v2\/types\/page"}],"author":[{"embeddable":true,"href":"https:\/\/www.jumpheaven.pl\/jeleniagora\/wp-json\/wp\/v2\/users\/1"}],"replies":[{"embeddable":true,"href":"https:\/\/www.jumpheaven.pl\/jeleniagora\/wp-json\/wp\/v2\/comments?post=502"}],"version-history":[{"count":191,"href":"https:\/\/www.jumpheaven.pl\/jeleniagora\/wp-json\/wp\/v2\/pages\/502\/revisions"}],"predecessor-version":[{"id":2724,"href":"https:\/\/www.jumpheaven.pl\/jeleniagora\/wp-json\/wp\/v2\/pages\/502\/revisions\/2724"}],"wp:attachment":[{"href":"https:\/\/www.jumpheaven.pl\/jeleniagora\/wp-json\/wp\/v2\/media?parent=502"}],"curies":[{"name":"wp","href":"https:\/\/api.w.org\/{rel}","templated":true}]}}